{"id":3255,"date":"2023-11-15T18:56:06","date_gmt":"2023-11-15T18:56:06","guid":{"rendered":"https:\/\/nagelstudio-handwerk-gmunden.at\/?page_id=3255"},"modified":"2026-04-08T13:03:44","modified_gmt":"2026-04-08T13:03:44","slug":"pflegehinweise","status":"publish","type":"page","link":"https:\/\/nagelstudio-handwerk-gmunden.at\/?page_id=3255","title":{"rendered":"Wichtige Hinweise vor dem Termin"},"content":{"rendered":"\n<p><strong><mark style=\"background-color:rgba(0, 0, 0, 0)\" class=\"has-inline-color has-black-color\">Terminhinweise<\/mark><\/strong><\/p>\n\n\n\n<div style=\"height:20px\" aria-hidden=\"true\" class=\"wp-block-spacer\"><\/div>\n\n\n\n<div class=\"wp-block-media-text is-stacked-on-mobile\"><figure class=\"wp-block-media-text__media\"><img loading=\"lazy\" decoding=\"async\" width=\"1024\" height=\"683\" src=\"https:\/\/nagelstudio-handwerk-gmunden.at\/wp-content\/uploads\/2024\/10\/naegel-lackieren-a-1024x683.jpg\" alt=\"\" class=\"wp-image-6814 size-full\" srcset=\"https:\/\/nagelstudio-handwerk-gmunden.at\/wp-content\/uploads\/2024\/10\/naegel-lackieren-a-1024x683.jpg 1024w, https:\/\/nagelstudio-handwerk-gmunden.at\/wp-content\/uploads\/2024\/10\/naegel-lackieren-a-300x200.jpg 300w, https:\/\/nagelstudio-handwerk-gmunden.at\/wp-content\/uploads\/2024\/10\/naegel-lackieren-a-768x512.jpg 768w, https:\/\/nagelstudio-handwerk-gmunden.at\/wp-content\/uploads\/2024\/10\/naegel-lackieren-a-450x300.jpg 450w, https:\/\/nagelstudio-handwerk-gmunden.at\/wp-content\/uploads\/2024\/10\/naegel-lackieren-a.jpg 1440w\" sizes=\"auto, (max-width: 1024px) 100vw, 1024px\" \/><\/figure><div class=\"wp-block-media-text__content\">\n<p><mark style=\"background-color:rgba(0, 0, 0, 0);color:#dd2222\" class=\"has-inline-color\">Bitte entfernen Sie selbst aufgetragenen Nagellack sorgf\u00e4ltig<\/mark> <mark style=\"background-color:rgba(0, 0, 0, 0);color:#e31414\" class=\"has-inline-color\"><\/mark><mark style=\"background-color:rgba(0, 0, 0, 0)\" class=\"has-inline-color has-black-color\">vor Ihrem Termin. Lackreste f\u00fchren zu Haftungsschwierigkeiten und Problemen beim Gelauftrag.<\/mark><\/p>\n<\/div><\/div>\n\n\n\n<div class=\"wp-block-media-text is-stacked-on-mobile\"><figure class=\"wp-block-media-text__media\"><img loading=\"lazy\" decoding=\"async\" width=\"472\" height=\"346\" src=\"https:\/\/nagelstudio-handwerk-gmunden.at\/wp-content\/uploads\/2026\/04\/hautexperten_reinigung_472x389-e1775653167194.jpg\" alt=\"\" class=\"wp-image-9748 size-full\" srcset=\"https:\/\/nagelstudio-handwerk-gmunden.at\/wp-content\/uploads\/2026\/04\/hautexperten_reinigung_472x389-e1775653167194.jpg 472w, https:\/\/nagelstudio-handwerk-gmunden.at\/wp-content\/uploads\/2026\/04\/hautexperten_reinigung_472x389-e1775653167194-300x220.jpg 300w, https:\/\/nagelstudio-handwerk-gmunden.at\/wp-content\/uploads\/2026\/04\/hautexperten_reinigung_472x389-e1775653167194-409x300.jpg 409w\" sizes=\"auto, (max-width: 472px) 100vw, 472px\" \/><\/figure><div class=\"wp-block-media-text__content\">\n<p><mark style=\"background-color:rgba(0, 0, 0, 0)\" class=\"has-inline-color has-black-color\">F\u00fcr eine optimale Anhaftung ist es wichtig, die<\/mark> <mark style=\"background-color:rgba(0, 0, 0, 0);color:#dd2222\" class=\"has-inline-color\">N\u00e4gel und Nagelr\u00e4nder vor der Behandlung gr\u00fcndlich mit Seife zu b\u00fcrsten. Die Nageloberfl\u00e4che muss sauber und fettfrei sein.<\/mark><\/p>\n<\/div><\/div>\n\n\n\n<div class=\"wp-block-media-text is-stacked-on-mobile\"><figure class=\"wp-block-media-text__media\"><img loading=\"lazy\" decoding=\"async\" width=\"850\" height=\"567\" src=\"https:\/\/nagelstudio-handwerk-gmunden.at\/wp-content\/uploads\/2024\/10\/nageloel-auf-nagelhaut.jpg\" alt=\"\" class=\"wp-image-6816 size-full\" srcset=\"https:\/\/nagelstudio-handwerk-gmunden.at\/wp-content\/uploads\/2024\/10\/nageloel-auf-nagelhaut.jpg 850w, https:\/\/nagelstudio-handwerk-gmunden.at\/wp-content\/uploads\/2024\/10\/nageloel-auf-nagelhaut-300x200.jpg 300w, https:\/\/nagelstudio-handwerk-gmunden.at\/wp-content\/uploads\/2024\/10\/nageloel-auf-nagelhaut-768x512.jpg 768w, https:\/\/nagelstudio-handwerk-gmunden.at\/wp-content\/uploads\/2024\/10\/nageloel-auf-nagelhaut-450x300.jpg 450w\" sizes=\"auto, (max-width: 850px) 100vw, 850px\" \/><\/figure><div class=\"wp-block-media-text__content\">\n<p><mark style=\"background-color:rgba(0, 0, 0, 0);color:#dd2222\" class=\"has-inline-color\">Bitte verwenden Sie 24 Stunden vor dem Termin weder Nagel\u00f6l noch Handcreme,<\/mark><mark style=\"background-color:rgba(0, 0, 0, 0)\" class=\"has-inline-color has-black-color\"> da diese in den Nagel einziehen und die Haftung des Gels beeintr\u00e4chtigen.<\/mark><\/p>\n<\/div><\/div>\n\n\n\n<div class=\"wp-block-media-text is-stacked-on-mobile\"><figure class=\"wp-block-media-text__media\"><img loading=\"lazy\" decoding=\"async\" width=\"610\" height=\"407\" src=\"https:\/\/nagelstudio-handwerk-gmunden.at\/wp-content\/uploads\/2024\/10\/istockphoto-1200587353-612x612-1.jpg\" alt=\"\" class=\"wp-image-6817 size-full\" srcset=\"https:\/\/nagelstudio-handwerk-gmunden.at\/wp-content\/uploads\/2024\/10\/istockphoto-1200587353-612x612-1.jpg 610w, https:\/\/nagelstudio-handwerk-gmunden.at\/wp-content\/uploads\/2024\/10\/istockphoto-1200587353-612x612-1-300x200.jpg 300w, https:\/\/nagelstudio-handwerk-gmunden.at\/wp-content\/uploads\/2024\/10\/istockphoto-1200587353-612x612-1-450x300.jpg 450w\" sizes=\"auto, (max-width: 610px) 100vw, 610px\" \/><\/figure><div class=\"wp-block-media-text__content\">\n<p><mark style=\"background-color:rgba(0, 0, 0, 0)\" class=\"has-inline-color has-black-color\"><strong>Ausnahme:<\/strong> Wenn Sie unter sehr trockener Haut oder Neurodermitis leiden, tragen Sie <\/mark><mark style=\"background-color:rgba(0, 0, 0, 0)\" class=\"has-inline-color has-blue-color\">Creme auf die betroffenen Stellen auf und sparen Sie die Fingerkuppen aus.<\/mark><\/p>\n<\/div><\/div>\n\n\n\n<div class=\"wp-block-media-text is-stacked-on-mobile\"><figure class=\"wp-block-media-text__media\"><img loading=\"lazy\" decoding=\"async\" width=\"1024\" height=\"683\" src=\"https:\/\/nagelstudio-handwerk-gmunden.at\/wp-content\/uploads\/2024\/10\/IMG_7453-1024x683.jpg\" alt=\"\" class=\"wp-image-6821 size-full\" srcset=\"https:\/\/nagelstudio-handwerk-gmunden.at\/wp-content\/uploads\/2024\/10\/IMG_7453-1024x683.jpg 1024w, https:\/\/nagelstudio-handwerk-gmunden.at\/wp-content\/uploads\/2024\/10\/IMG_7453-300x200.jpg 300w, https:\/\/nagelstudio-handwerk-gmunden.at\/wp-content\/uploads\/2024\/10\/IMG_7453-768x512.jpg 768w, https:\/\/nagelstudio-handwerk-gmunden.at\/wp-content\/uploads\/2024\/10\/IMG_7453-1536x1024.jpg 1536w, https:\/\/nagelstudio-handwerk-gmunden.at\/wp-content\/uploads\/2024\/10\/IMG_7453-450x300.jpg 450w, https:\/\/nagelstudio-handwerk-gmunden.at\/wp-content\/uploads\/2024\/10\/IMG_7453.jpg 1620w\" sizes=\"auto, (max-width: 1024px) 100vw, 1024px\" \/><\/figure><div class=\"wp-block-media-text__content\">\n<p><mark style=\"background-color:rgba(0, 0, 0, 0);color:#dd2222\" class=\"has-inline-color\">Telefonieren, Scrollen oder Tippen am Handy<\/mark><mark style=\"background-color:rgba(0, 0, 0, 0)\" class=\"has-inline-color has-black-color\"> verz\u00f6gert den Termin und erschwert eine saubere Arbeit, daher dies bitte nur im Notfall tun.<\/mark> <mark style=\"background-color:rgba(0, 0, 0, 0)\" class=\"has-inline-color has-blue-color\">Podcasts h\u00f6ren oder Filme schauen ist erlaubt.<\/mark><\/p>\n<\/div><\/div>\n\n\n\n<div class=\"wp-block-media-text is-stacked-on-mobile\"><figure class=\"wp-block-media-text__media\"><img loading=\"lazy\" decoding=\"async\" width=\"1024\" height=\"760\" src=\"https:\/\/nagelstudio-handwerk-gmunden.at\/wp-content\/uploads\/2025\/05\/123456-1024x760.png\" alt=\"\" class=\"wp-image-8733 size-full\" srcset=\"https:\/\/nagelstudio-handwerk-gmunden.at\/wp-content\/uploads\/2025\/05\/123456-1024x760.png 1024w, https:\/\/nagelstudio-handwerk-gmunden.at\/wp-content\/uploads\/2025\/05\/123456-300x223.png 300w, https:\/\/nagelstudio-handwerk-gmunden.at\/wp-content\/uploads\/2025\/05\/123456-768x570.png 768w, https:\/\/nagelstudio-handwerk-gmunden.at\/wp-content\/uploads\/2025\/05\/123456-404x300.png 404w, https:\/\/nagelstudio-handwerk-gmunden.at\/wp-content\/uploads\/2025\/05\/123456.png 1194w\" sizes=\"auto, (max-width: 1024px) 100vw, 1024px\" \/><\/figure><div class=\"wp-block-media-text__content\">\n<p><mark style=\"background-color:rgba(0, 0, 0, 0)\" class=\"has-inline-color has-black-color\">Falls Sie Ihren Termin nicht wahrnehmen k\u00f6nnen, geben Sie mir bitte <\/mark><mark style=\"background-color:rgba(0, 0, 0, 0);color:#dd2222\" class=\"has-inline-color\">mindestens 24 Stunden<\/mark><mark style=\"background-color:rgba(0, 0, 0, 0)\" class=\"has-inline-color has-black-color\"> vorher Bescheid.<\/mark><\/p>\n<\/div><\/div>\n\n\n\n<div class=\"wp-block-media-text is-stacked-on-mobile\"><figure class=\"wp-block-media-text__media\"><img loading=\"lazy\" decoding=\"async\" width=\"1024\" height=\"768\" src=\"https:\/\/nagelstudio-handwerk-gmunden.at\/wp-content\/uploads\/2025\/08\/IMG_0412-1024x768.jpg\" alt=\"\" class=\"wp-image-9575 size-full\" srcset=\"https:\/\/nagelstudio-handwerk-gmunden.at\/wp-content\/uploads\/2025\/08\/IMG_0412-1024x768.jpg 1024w, https:\/\/nagelstudio-handwerk-gmunden.at\/wp-content\/uploads\/2025\/08\/IMG_0412-300x225.jpg 300w, https:\/\/nagelstudio-handwerk-gmunden.at\/wp-content\/uploads\/2025\/08\/IMG_0412-768x576.jpg 768w, https:\/\/nagelstudio-handwerk-gmunden.at\/wp-content\/uploads\/2025\/08\/IMG_0412-1536x1152.jpg 1536w, https:\/\/nagelstudio-handwerk-gmunden.at\/wp-content\/uploads\/2025\/08\/IMG_0412-400x300.jpg 400w, https:\/\/nagelstudio-handwerk-gmunden.at\/wp-content\/uploads\/2025\/08\/IMG_0412.jpg 1593w\" sizes=\"auto, (max-width: 1024px) 100vw, 1024px\" \/><\/figure><div class=\"wp-block-media-text__content\">\n<p><mark style=\"background-color:rgba(0, 0, 0, 0)\" class=\"has-inline-color has-blue-color\">Die maximale Tragedauer betr\u00e4gt bei kurzen N\u00e4geln 4 Wochen, bei langen N\u00e4geln 3 Wochen.<\/mark><mark style=\"background-color:rgba(0, 0, 0, 0)\" class=\"has-inline-color has-black-color\"> Ein \u00dcbertragen kann zu Liftings oder Verletzungen f\u00fchren.<\/mark><\/p>\n<\/div><\/div>\n\n\n\n<div class=\"wp-block-media-text is-stacked-on-mobile\"><figure class=\"wp-block-media-text__media\"><img loading=\"lazy\" decoding=\"async\" width=\"1024\" height=\"768\" src=\"https:\/\/nagelstudio-handwerk-gmunden.at\/wp-content\/uploads\/2024\/10\/FullSizeRender-64-e1755851743594-1024x768.jpg\" alt=\"\" class=\"wp-image-6626 size-full\" srcset=\"https:\/\/nagelstudio-handwerk-gmunden.at\/wp-content\/uploads\/2024\/10\/FullSizeRender-64-e1755851743594-1024x768.jpg 1024w, https:\/\/nagelstudio-handwerk-gmunden.at\/wp-content\/uploads\/2024\/10\/FullSizeRender-64-e1755851743594-300x225.jpg 300w, https:\/\/nagelstudio-handwerk-gmunden.at\/wp-content\/uploads\/2024\/10\/FullSizeRender-64-e1755851743594-768x576.jpg 768w, https:\/\/nagelstudio-handwerk-gmunden.at\/wp-content\/uploads\/2024\/10\/FullSizeRender-64-e1755851743594-400x300.jpg 400w, https:\/\/nagelstudio-handwerk-gmunden.at\/wp-content\/uploads\/2024\/10\/FullSizeRender-64-e1755851743594.jpg 1510w\" sizes=\"auto, (max-width: 1024px) 100vw, 1024px\" \/><\/figure><div class=\"wp-block-media-text__content\">\n<p><mark style=\"background-color:rgba(0, 0, 0, 0);color:#dd2222\" class=\"has-inline-color\">In meinem Studio biete ich keine Gelmalereien an.<\/mark><mark style=\"background-color:rgba(0, 0, 0, 0)\" class=\"has-inline-color has-black-color\"> Stattdessen setze ich auf Nailart-Techniken wie Nail-Tattoos, Aquarell oder Stempeldesigns.<\/mark><\/p>\n<\/div><\/div>\n\n\n\n<div class=\"wp-block-media-text is-stacked-on-mobile\"><figure class=\"wp-block-media-text__media\"><img loading=\"lazy\" decoding=\"async\" width=\"585\" height=\"439\" src=\"https:\/\/nagelstudio-handwerk-gmunden.at\/wp-content\/uploads\/2025\/05\/Photoroom_20250511_125054.jpg\" alt=\"\" class=\"wp-image-8726 size-full\" srcset=\"https:\/\/nagelstudio-handwerk-gmunden.at\/wp-content\/uploads\/2025\/05\/Photoroom_20250511_125054.jpg 585w, https:\/\/nagelstudio-handwerk-gmunden.at\/wp-content\/uploads\/2025\/05\/Photoroom_20250511_125054-300x225.jpg 300w, https:\/\/nagelstudio-handwerk-gmunden.at\/wp-content\/uploads\/2025\/05\/Photoroom_20250511_125054-400x300.jpg 400w\" sizes=\"auto, (max-width: 585px) 100vw, 585px\" \/><\/figure><div class=\"wp-block-media-text__content\">\n<p><mark style=\"background-color:rgba(0, 0, 0, 0)\" class=\"has-inline-color has-black-color\">Ich m\u00f6chte h\u00f6flich darauf hinweisen, dass ich <\/mark><mark style=\"background-color:rgba(0, 0, 0, 0);color:#dd2222\" class=\"has-inline-color\">keine Dienstleistungen unter 18 Jahren<\/mark><mark style=\"background-color:rgba(0, 0, 0, 0);color:#e91313\" class=\"has-inline-color\"> <\/mark><mark style=\"background-color:rgba(0, 0, 0, 0)\" class=\"has-inline-color has-black-color\">durchf\u00fchre.<\/mark><\/p>\n<\/div><\/div>\n\n\n\n<div style=\"height:20px\" aria-hidden=\"true\" class=\"wp-block-spacer\"><\/div>\n\n\n\n<p id=\"block-b519a44b-cb5f-4fa8-a598-43f6d90e0ed4\"><mark style=\"background-color:rgba(0, 0, 0, 0)\" class=\"has-inline-color has-black-color\"><strong>Begleitpersonen, Kinder und Hunde<\/strong><\/mark><\/p>\n\n\n\n<div style=\"height:20px\" aria-hidden=\"true\" class=\"wp-block-spacer\"><\/div>\n\n\n\n<div class=\"wp-block-media-text is-stacked-on-mobile\"><figure class=\"wp-block-media-text__media\"><img loading=\"lazy\" decoding=\"async\" width=\"1024\" height=\"640\" src=\"https:\/\/nagelstudio-handwerk-gmunden.at\/wp-content\/uploads\/2025\/02\/Bild-18.05.24-um-21.44-1024x640.jpg\" alt=\"\" class=\"wp-image-8122 size-full\" srcset=\"https:\/\/nagelstudio-handwerk-gmunden.at\/wp-content\/uploads\/2025\/02\/Bild-18.05.24-um-21.44-1024x640.jpg 1024w, https:\/\/nagelstudio-handwerk-gmunden.at\/wp-content\/uploads\/2025\/02\/Bild-18.05.24-um-21.44-300x188.jpg 300w, https:\/\/nagelstudio-handwerk-gmunden.at\/wp-content\/uploads\/2025\/02\/Bild-18.05.24-um-21.44-768x480.jpg 768w, https:\/\/nagelstudio-handwerk-gmunden.at\/wp-content\/uploads\/2025\/02\/Bild-18.05.24-um-21.44-1536x960.jpg 1536w, https:\/\/nagelstudio-handwerk-gmunden.at\/wp-content\/uploads\/2025\/02\/Bild-18.05.24-um-21.44-480x300.jpg 480w, https:\/\/nagelstudio-handwerk-gmunden.at\/wp-content\/uploads\/2025\/02\/Bild-18.05.24-um-21.44.jpg 2000w\" sizes=\"auto, (max-width: 1024px) 100vw, 1024px\" \/><\/figure><div class=\"wp-block-media-text__content\">\n<p><mark style=\"background-color:rgba(0, 0, 0, 0)\" class=\"has-inline-color has-black-color\">Ich bitte um Verst\u00e4ndnis, dass <\/mark><mark style=\"background-color:rgba(0, 0, 0, 0);color:#dd2222\" class=\"has-inline-color\">Kinder unter 5 Jahren leider nicht gestattet werden k\u00f6nnen, <\/mark><mark style=\"background-color:rgba(0, 0, 0, 0)\" class=\"has-inline-color has-black-color\">da sich Termine unverh\u00e4ltnism\u00e4\u00dfig verz\u00f6gern.<\/mark><\/p>\n<\/div><\/div>\n\n\n\n<div class=\"wp-block-media-text is-stacked-on-mobile\"><figure class=\"wp-block-media-text__media\"><img loading=\"lazy\" decoding=\"async\" width=\"1024\" height=\"681\" src=\"https:\/\/nagelstudio-handwerk-gmunden.at\/wp-content\/uploads\/2025\/02\/Bild-18.05.24-um-21.32-1024x681.jpg\" alt=\"\" class=\"wp-image-8125 size-full\" srcset=\"https:\/\/nagelstudio-handwerk-gmunden.at\/wp-content\/uploads\/2025\/02\/Bild-18.05.24-um-21.32-1024x681.jpg 1024w, https:\/\/nagelstudio-handwerk-gmunden.at\/wp-content\/uploads\/2025\/02\/Bild-18.05.24-um-21.32-300x199.jpg 300w, https:\/\/nagelstudio-handwerk-gmunden.at\/wp-content\/uploads\/2025\/02\/Bild-18.05.24-um-21.32-768x511.jpg 768w, https:\/\/nagelstudio-handwerk-gmunden.at\/wp-content\/uploads\/2025\/02\/Bild-18.05.24-um-21.32-451x300.jpg 451w, https:\/\/nagelstudio-handwerk-gmunden.at\/wp-content\/uploads\/2025\/02\/Bild-18.05.24-um-21.32.jpg 1280w\" sizes=\"auto, (max-width: 1024px) 100vw, 1024px\" \/><\/figure><div class=\"wp-block-media-text__content\">\n<p><mark style=\"background-color:rgba(0, 0, 0, 0)\" class=\"has-inline-color has-black-color\">Ein<\/mark> <mark style=\"background-color:rgba(0, 0, 0, 0)\" class=\"has-inline-color has-vivid-cyan-blue-color\">gr\u00f6\u00dferes Kind<\/mark>, <mark style=\"background-color:rgba(0, 0, 0, 0)\" class=\"has-inline-color has-black-color\">welches sich f\u00fcr die Dauer des Termins selber besch\u00e4ftigen kann, darf in Ausnahmef\u00e4llen mitgebracht werden. Bitte informieren Sie mich im Voraus.<\/mark><\/p>\n<\/div><\/div>\n\n\n\n<div class=\"wp-block-media-text is-stacked-on-mobile\"><figure class=\"wp-block-media-text__media\"><img loading=\"lazy\" decoding=\"async\" width=\"1024\" height=\"639\" src=\"https:\/\/nagelstudio-handwerk-gmunden.at\/wp-content\/uploads\/2025\/02\/Bild-18.05.24-um-21.56-1024x639.jpg\" alt=\"\" class=\"wp-image-8126 size-full\" srcset=\"https:\/\/nagelstudio-handwerk-gmunden.at\/wp-content\/uploads\/2025\/02\/Bild-18.05.24-um-21.56-1024x639.jpg 1024w, https:\/\/nagelstudio-handwerk-gmunden.at\/wp-content\/uploads\/2025\/02\/Bild-18.05.24-um-21.56-300x187.jpg 300w, https:\/\/nagelstudio-handwerk-gmunden.at\/wp-content\/uploads\/2025\/02\/Bild-18.05.24-um-21.56-768x479.jpg 768w, https:\/\/nagelstudio-handwerk-gmunden.at\/wp-content\/uploads\/2025\/02\/Bild-18.05.24-um-21.56-481x300.jpg 481w, https:\/\/nagelstudio-handwerk-gmunden.at\/wp-content\/uploads\/2025\/02\/Bild-18.05.24-um-21.56.jpg 1280w\" sizes=\"auto, (max-width: 1024px) 100vw, 1024px\" \/><\/figure><div class=\"wp-block-media-text__content\">\n<p><mark style=\"background-color:rgba(0, 0, 0, 0)\" class=\"has-inline-color has-black-color\">Eine <\/mark><mark style=\"background-color:rgba(0, 0, 0, 0);color:#dd2222\" class=\"has-inline-color\">Begleitperson ist grunds\u00e4tzlich nicht vorgesehen.<\/mark><mark style=\"background-color:rgba(0, 0, 0, 0)\" class=\"has-inline-color has-black-color\"> Sollten Sie dennoch eine Begleitung ben\u00f6tigen, kontaktieren Sie mich bitte vorab, damit wir die M\u00f6glichkeiten besprechen k\u00f6nnen.<\/mark><\/p>\n<\/div><\/div>\n\n\n\n<div class=\"wp-block-media-text is-stacked-on-mobile\"><figure class=\"wp-block-media-text__media\"><img loading=\"lazy\" decoding=\"async\" width=\"1024\" height=\"682\" src=\"https:\/\/nagelstudio-handwerk-gmunden.at\/wp-content\/uploads\/2025\/02\/Bild-18.05.24-um-21.31-1024x682.jpg\" alt=\"\" class=\"wp-image-8127 size-full\" srcset=\"https:\/\/nagelstudio-handwerk-gmunden.at\/wp-content\/uploads\/2025\/02\/Bild-18.05.24-um-21.31-1024x682.jpg 1024w, https:\/\/nagelstudio-handwerk-gmunden.at\/wp-content\/uploads\/2025\/02\/Bild-18.05.24-um-21.31-300x200.jpg 300w, https:\/\/nagelstudio-handwerk-gmunden.at\/wp-content\/uploads\/2025\/02\/Bild-18.05.24-um-21.31-768x512.jpg 768w, https:\/\/nagelstudio-handwerk-gmunden.at\/wp-content\/uploads\/2025\/02\/Bild-18.05.24-um-21.31-450x300.jpg 450w, https:\/\/nagelstudio-handwerk-gmunden.at\/wp-content\/uploads\/2025\/02\/Bild-18.05.24-um-21.31.jpg 1280w\" sizes=\"auto, (max-width: 1024px) 100vw, 1024px\" \/><\/figure><div class=\"wp-block-media-text__content\">\n<p><mark style=\"background-color:rgba(0, 0, 0, 0)\" class=\"has-inline-color has-black-color\">Ein<\/mark> <mark style=\"background-color:rgba(0, 0, 0, 0)\" class=\"has-inline-color has-blue-color\">Hund,<\/mark> <mark style=\"background-color:rgba(0, 0, 0, 0)\" class=\"has-inline-color has-black-color\">der sich f\u00fcr die Dauer des Termins ruhig verh\u00e4lt, darf mitgebracht werden. Bitte informieren Sie mich im Voraus.<\/mark><\/p>\n<\/div><\/div>\n","protected":false},"excerpt":{"rendered":"<p>Terminhinweise Bitte entfernen Sie selbst aufgetragenen Nagellack sorgf\u00e4ltig vor Ihrem Termin. Lackreste f\u00fchren zu Haftungsschwierigkeiten und Problemen beim Gelauftrag. F\u00fcr eine optimale Anhaftung ist es wichtig, die N\u00e4gel und Nagelr\u00e4nder vor der Behandlung gr\u00fcndlich mit Seife zu b\u00fcrsten. Die Nageloberfl\u00e4che &hellip; <a href=\"https:\/\/nagelstudio-handwerk-gmunden.at\/?page_id=3255\">Weiterlesen <span class=\"meta-nav\">&rarr;<\/span><\/a><\/p>\n","protected":false},"author":1,"featured_media":0,"parent":4295,"menu_order":1,"comment_status":"closed","ping_status":"closed","template":"","meta":{"footnotes":""},"class_list":["post-3255","page","type-page","status-publish","hentry"],"_links":{"self":[{"href":"https:\/\/nagelstudio-handwerk-gmunden.at\/index.php?rest_route=\/wp\/v2\/pages\/3255","targetHints":{"allow":["GET"]}}],"collection":[{"href":"https:\/\/nagelstudio-handwerk-gmunden.at\/index.php?rest_route=\/wp\/v2\/pages"}],"about":[{"href":"https:\/\/nagelstudio-handwerk-gmunden.at\/index.php?rest_route=\/wp\/v2\/types\/page"}],"author":[{"embeddable":true,"href":"https:\/\/nagelstudio-handwerk-gmunden.at\/index.php?rest_route=\/wp\/v2\/users\/1"}],"replies":[{"embeddable":true,"href":"https:\/\/nagelstudio-handwerk-gmunden.at\/index.php?rest_route=%2Fwp%2Fv2%2Fcomments&post=3255"}],"version-history":[{"count":138,"href":"https:\/\/nagelstudio-handwerk-gmunden.at\/index.php?rest_route=\/wp\/v2\/pages\/3255\/revisions"}],"predecessor-version":[{"id":9750,"href":"https:\/\/nagelstudio-handwerk-gmunden.at\/index.php?rest_route=\/wp\/v2\/pages\/3255\/revisions\/9750"}],"up":[{"embeddable":true,"href":"https:\/\/nagelstudio-handwerk-gmunden.at\/index.php?rest_route=\/wp\/v2\/pages\/4295"}],"wp:attachment":[{"href":"https:\/\/nagelstudio-handwerk-gmunden.at\/index.php?rest_route=%2Fwp%2Fv2%2Fmedia&parent=3255"}],"curies":[{"name":"wp","href":"https:\/\/api.w.org\/{rel}","templated":true}]}}