{"id":3615,"date":"2024-05-11T21:49:09","date_gmt":"2024-05-11T21:49:09","guid":{"rendered":"https:\/\/nagelstudio-handwerk-gmunden.at\/?page_id=3615"},"modified":"2025-08-17T09:54:49","modified_gmt":"2025-08-17T09:54:49","slug":"acryl-oder-gel","status":"publish","type":"page","link":"https:\/\/nagelstudio-handwerk-gmunden.at\/?page_id=3615","title":{"rendered":"Der Unterschied zwischen Gel und Acryl"},"content":{"rendered":"\n<p><strong><mark style=\"background-color:rgba(0, 0, 0, 0)\" class=\"has-inline-color has-black-color\">Acryl<\/mark><\/strong><\/p>\n\n\n\n<p><mark style=\"background-color:rgba(0, 0, 0, 0)\" class=\"has-inline-color has-black-color\">Die Geschichte des Pulver\/Fl\u00fcssigkeitssystems &#8211; bekannt als <strong>Acryl <\/strong>&#8211; beginnt in den 1950er Jahren und wurde zuf\u00e4llig von dem Zahnarzt Dr. Slack entdeckt. Es ist das erste und l\u00e4ngste System der modernen Nagelmodellage und kommt urspr\u00fcnglich aus der Zahnmedizin auf Basis von Zahnf\u00fcllungsmaterial. Als Zweikomponentensystem werden dabei Acrylpowder und Acrylliquid direkt am Pinsel gemischt und auf den Nagel modelliert. Allein der Kontakt dieser zwei Produkte reicht f\u00fcr die Aush\u00e4rtung (Polymerisation) aus, die Raumtemperatur regelt die Aush\u00e4rtungsgeschwindigkeit.<\/mark><\/p>\n\n\n\n<p><strong><mark style=\"background-color:rgba(0, 0, 0, 0)\" class=\"has-inline-color has-black-color\">Gel<\/mark><\/strong><\/p>\n\n\n\n<p><mark style=\"background-color:rgba(0, 0, 0, 0)\" class=\"has-inline-color has-black-color\">UV-h\u00e4rtende <strong>Gele<\/strong> kamen erst in den 1980er Jahren auf den Markt, um eine bessere Alternative zu Acryln\u00e4geln zu schaffen und wurden von da an stetig weiterentwickelt. UV Lampen waren lange Zeit im Einsatz, wurden aber in den letzten Jahren vom Markt verdr\u00e4ngt und durch LED Lampen ersetzt. Durch die LED-Technologie ist eine schnellere und effektivere Aush\u00e4rtung von Gelen m\u00f6glich, das Prinzip der Aush\u00e4rtung ist aber nach wie vor genau das gleiche.<\/mark><\/p>\n\n\n\n<p><strong><mark style=\"background-color:rgba(0, 0, 0, 0)\" class=\"has-inline-color has-black-color\">Der Unterschied zwischen Acryl und Gel<\/mark><\/strong><\/p>\n\n\n\n<p><mark style=\"background-color:rgba(0, 0, 0, 0)\" class=\"has-inline-color has-black-color\">Der Unterschied ist gar nicht so gro\u00df wie es scheint. Der Name Acryl ist eine Ableitung von Acrylat (Kunststoff), somit sind mit Acryln\u00e4gel Kunststoffn\u00e4gel gemeint. Gele sind ebenfalls Acrylate und der Name Gel beschreibt hier lediglich die andere Optik des Materials, um sprachlich das neue System anders zu benennen. Ebenfalls Acrylate sind Tips, Dippingpowder, Shellace oder Nagelfolien.<\/mark><\/p>\n\n\n\n<p><strong><mark style=\"background-color:rgba(0, 0, 0, 0)\" class=\"has-inline-color has-black-color\">Acryln\u00e4gel oder Geln\u00e4gel?<\/mark><\/strong><\/p>\n\n\n\n<p><mark style=\"background-color:rgba(0, 0, 0, 0)\" class=\"has-inline-color has-black-color\">Jede NageldesignerIn wird diese Frage unterschiedlich beantworten. Ich habe 2014 mit der Acryltechnik begonnen und 2018 auf das Gelsystem gewechselt, da immer grandiosere Produkte, z.B. Polygel, den Markt eroberten. Acrylprodukte sind \u00fcber die Jahre zwar auch etwas weicher (und damit besser) geworden und k\u00f6nnen erg\u00e4nzend Vorteile bringen, weshalb ich mich von meinen Acrylprodukten nie getrennt habe, dennoch halte ich das alleinige Angebot von Acryl im Studio, nicht f\u00fcr sinnvoll.<\/mark><\/p>\n\n\n\n<p><strong><mark style=\"background-color:rgba(0, 0, 0, 0)\" class=\"has-inline-color has-black-color\">Die Vorteile von Gel<\/mark><\/strong><\/p>\n\n\n\n<ul class=\"wp-block-list\">\n<li><mark style=\"background-color:rgba(0, 0, 0, 0)\" class=\"has-inline-color has-black-color\"><strong>Materialauswahl:<\/strong> W\u00e4hrend man bei Acryl an die Materialh\u00e4rte gebunden ist, bieten Gele diverse M\u00f6glichkeit: Von weich bis hart (in der Bearbeitung), von flexibel bis fest (im Tragegef\u00fchl), von d\u00fcnn bis dick (in der Konsistenz).<\/mark><\/li>\n<\/ul>\n\n\n\n<p><\/p>\n\n\n\n<ul class=\"wp-block-list\">\n<li><mark style=\"background-color:rgba(0, 0, 0, 0)\" class=\"has-inline-color has-black-color\"><strong>Haftung:<\/strong> So unterschiedlich unsere Naturn\u00e4gel sind, so unterschiedlich sind ihre Bed\u00fcrfnisse und verschiedene Kriterien m\u00fcssen f\u00fcr gute Haftung erf\u00fcllt sein. Naturn\u00e4gel unterscheiden sich im Wasseranteil, im PH Wert, in der St\u00e4rke, in der Form, im Wachstum. Manche sind besch\u00e4digt, br\u00fcchig oder werden durch Medikamente, Hormone oder Krankheiten strapaziert, andere geben w\u00e4hrend der Tragezeit Feuchtigkeit ab. F\u00fcr all diese Bed\u00fcrfnisse ben\u00f6tige ich ein gro\u00dfes Repertoire an Produkten und verschiedene Inhaltsstoffe, die die Gelpalette bietet.<\/mark><\/li>\n<\/ul>\n\n\n\n<p><\/p>\n\n\n\n<ul class=\"wp-block-list\">\n<li><mark style=\"background-color:rgba(0, 0, 0, 0)\" class=\"has-inline-color has-black-color\"><strong>S\u00e4ure:<\/strong> Der S\u00e4ureanteil von Acryl schr\u00e4nkt bei der Arbeit ein (auf trockenen N\u00e4gel belasten s\u00e4urehaltige Produkte diesen zus\u00e4tzlich), w\u00e4hrend Gele in allen Varianten &#8211; von s\u00e4urehaltig bis s\u00e4urefrei &#8211; erh\u00e4ltlich sind.<\/mark><\/li>\n<\/ul>\n\n\n\n<p><\/p>\n\n\n\n<ul class=\"wp-block-list\">\n<li><mark style=\"background-color:rgba(0, 0, 0, 0)\" class=\"has-inline-color has-black-color\"><strong>Geruch:<\/strong> Der Eigengeruch von Acryl ist stark und kann auf Dauer st\u00f6ren (auch wenn man es als Nageldesignerin irgendwann nicht mehr riecht). Gele haben &#8211; wenn \u00fcberhaupt &#8211; einen sehr schwachen Eigengeruch.<\/mark><\/li>\n<\/ul>\n\n\n\n<p><\/p>\n\n\n\n<ul class=\"wp-block-list\">\n<li><mark style=\"background-color:rgba(0, 0, 0, 0)\" class=\"has-inline-color has-black-color\"><strong>Pinsel<\/strong>: W\u00e4hrend Gelpinsel aus hochwertigen Synthetikhaar bestehen, handelt es sich bei Acrylpinsel immer um Echthaarpinsel. Hinter den Kunstbegriffen &#8222;Kolinsky&#8220; oder &#8222;Rotmarder&#8220; steckt meist das importierte Fell des sibirischen Feuerwiesels, die auf Pelzfarmen gez\u00fcchtet oder mittels Fallen gejagt und get\u00f6tet werden.<\/mark><\/li>\n<\/ul>\n\n\n\n<p><\/p>\n\n\n\n<p><strong><mark style=\"background-color:rgba(0, 0, 0, 0)\" class=\"has-inline-color has-black-color\">Die Vorteile von Acryl<\/mark><\/strong><\/p>\n\n\n\n<ul class=\"wp-block-list\">\n<li><mark style=\"background-color:rgba(0, 0, 0, 0)\" class=\"has-inline-color has-black-color\"><strong>Stabilit\u00e4t:<\/strong> Vor allem wenn es um sehr stabile N\u00e4gel, Modellagen in \u00dcberl\u00e4nge und Nailart geht, kann Acryl einiges. Meine Meisterschaftsn\u00e4gel 2024 (Candyland) waren zu einem gro\u00dfen Teil aus Acryl gefertigt, nicht alles w\u00e4re hier mit Gel \u00fcberhaupt m\u00f6glich gewesen.<\/mark><\/li>\n<\/ul>\n\n\n\n<p><\/p>\n\n\n\n<ul class=\"wp-block-list\">\n<li><mark style=\"background-color:rgba(0, 0, 0, 0)\" class=\"has-inline-color has-black-color\"><strong>Nailart: <\/strong>Verarbeitung von Nailart in einem Bereich, den Licht nicht erreichen kann (z.B. beim Arbeiten mit Silikonformen oder bekleben von Figuren und Overlays). Acryl h\u00e4rtet <strong>immer<\/strong>, Gel <strong>nur<\/strong> dort wo Licht hinkommt.<\/mark><\/li>\n<\/ul>\n\n\n\n<p><\/p>\n\n\n\n<ul class=\"wp-block-list\">\n<li><mark style=\"background-color:rgba(0, 0, 0, 0)\" class=\"has-inline-color has-black-color\"><strong>Untergrund:<\/strong> Verarbeitung von anderem Material in die Modellage (z.B. Metall, Holz, Perlen, Overlays oder Steinchen) wie es bei Meisterschaftsn\u00e4geln \u00fcblich ist. Die Haftung von Acryl auf fast jedem Untergrund ist spektakul\u00e4r, selbst auf schmutzigen oder nicht mattierten Oberfl\u00e4chen. Abseits der Nagelmodellage kann mit Acryl fast alles repariert, zusammengeklebt oder &#8222;erbastelt&#8220; werden.<\/mark><\/li>\n<\/ul>\n\n\n\n<p><\/p>\n\n\n\n<ul class=\"wp-block-list\">\n<li><mark style=\"background-color:rgba(0, 0, 0, 0)\" class=\"has-inline-color has-black-color\"><strong>Abl\u00f6sbarkeit<\/strong> mit Aceton &#8211; sowohl die Modellage selbst als auch verklebte Acrylpinsel k\u00f6nnen mit Aceton abgel\u00f6st werden.<\/mark><\/li>\n<\/ul>\n\n\n\n<p><\/p>\n\n\n\n<p><\/p>\n","protected":false},"excerpt":{"rendered":"<p>Acryl Die Geschichte des Pulver\/Fl\u00fcssigkeitssystems &#8211; bekannt als Acryl &#8211; beginnt in den 1950er Jahren und wurde zuf\u00e4llig von dem Zahnarzt Dr. Slack entdeckt. Es ist das erste und l\u00e4ngste System der modernen Nagelmodellage und kommt urspr\u00fcnglich aus der Zahnmedizin &hellip; <a href=\"https:\/\/nagelstudio-handwerk-gmunden.at\/?page_id=3615\">Weiterlesen <span class=\"meta-nav\">&rarr;<\/span><\/a><\/p>\n","protected":false},"author":1,"featured_media":0,"parent":4291,"menu_order":20,"comment_status":"closed","ping_status":"closed","template":"","meta":{"footnotes":""},"class_list":["post-3615","page","type-page","status-publish","hentry"],"_links":{"self":[{"href":"https:\/\/nagelstudio-handwerk-gmunden.at\/index.php?rest_route=\/wp\/v2\/pages\/3615","targetHints":{"allow":["GET"]}}],"collection":[{"href":"https:\/\/nagelstudio-handwerk-gmunden.at\/index.php?rest_route=\/wp\/v2\/pages"}],"about":[{"href":"https:\/\/nagelstudio-handwerk-gmunden.at\/index.php?rest_route=\/wp\/v2\/types\/page"}],"author":[{"embeddable":true,"href":"https:\/\/nagelstudio-handwerk-gmunden.at\/index.php?rest_route=\/wp\/v2\/users\/1"}],"replies":[{"embeddable":true,"href":"https:\/\/nagelstudio-handwerk-gmunden.at\/index.php?rest_route=%2Fwp%2Fv2%2Fcomments&post=3615"}],"version-history":[{"count":100,"href":"https:\/\/nagelstudio-handwerk-gmunden.at\/index.php?rest_route=\/wp\/v2\/pages\/3615\/revisions"}],"predecessor-version":[{"id":9545,"href":"https:\/\/nagelstudio-handwerk-gmunden.at\/index.php?rest_route=\/wp\/v2\/pages\/3615\/revisions\/9545"}],"up":[{"embeddable":true,"href":"https:\/\/nagelstudio-handwerk-gmunden.at\/index.php?rest_route=\/wp\/v2\/pages\/4291"}],"wp:attachment":[{"href":"https:\/\/nagelstudio-handwerk-gmunden.at\/index.php?rest_route=%2Fwp%2Fv2%2Fmedia&parent=3615"}],"curies":[{"name":"wp","href":"https:\/\/api.w.org\/{rel}","templated":true}]}}