{"id":4506,"date":"2024-06-03T09:14:40","date_gmt":"2024-06-03T09:14:40","guid":{"rendered":"https:\/\/nagelstudio-handwerk-gmunden.at\/?page_id=4506"},"modified":"2024-06-03T09:14:40","modified_gmt":"2024-06-03T09:14:40","slug":"agb","status":"publish","type":"page","link":"https:\/\/nagelstudio-handwerk-gmunden.at\/?page_id=4506","title":{"rendered":"AGB"},"content":{"rendered":"\n<p><strong>Allgemeine Gesch\u00e4ftsbedingungen (AGB) <\/strong>&#8211; Stand: 1. Dezember 2023<\/p>\n\n\n\n<p><strong>1. Allgemeines<\/strong><br>Diese Bedingungen betreffen alle Transaktionen, Vertr\u00e4ge und Angebote, die zwischen Nagelstudio Handwerk (Anna Mazanek) und KundInnen zustande kommen. Ausnahmen von Transaktionen, die nicht unter die allgemeinen Gesch\u00e4ftsbedingungen fallen, bed\u00fcrfen der Mitteilung in schriftlicher Form. Sobald ein Termin vereinbart wird (ob telefonisch oder schriftlich), gelten die folgenden AGB als akzeptiert.<\/p>\n\n\n\n<p><strong>2. Dienstleistung<\/strong><br>Nagelstudio Handwerk f\u00fchrt seine Dienstleistung nach bestem Wissen und Gewissen und nach dem neuesten Standard der Industrie an KundInnen aus. Sollten \u00c4nderungen der Standards auftreten, wird Nagelstudio Handwerk KundInnen noch vor Beginn der Leistung davon in Kenntnis setzen.<\/p>\n\n\n\n<p><strong>3. Terminvereinbarung und Stornobedingung<\/strong><br>Alle KundInnen von Nagelstudio Handwerk haben die M\u00f6glichkeit direkt im Studio, telefonisch oder schriftlich (WhatsApp\/SMS) Termine auszumachen. Termine werden verbindlich vergeben und m\u00fcssen eingehalten werden. Sollte eine Absage bzw. ein Verschieben eines Termins vonn\u00f6ten sein, werden KundInnen ersucht, dies rechtzeitig \u2013 mindestens 24 Stunden vor dem Termin \u2013 mitzuteilen. Weiters werden KundInnen gebeten p\u00fcnktlich zur ausgemachten Uhrzeit zu erscheinen. Der gebuchte Termin verf\u00e4llt ab 15 Minuten Versp\u00e4tung, da die vers\u00e4umte Zeit dann nicht mehr aufgeholt werden kann.<\/p>\n\n\n\n<p><strong>Ausfallpauschale:<\/strong><\/p>\n\n\n\n<p>Bei wiederholtem Nichterscheinen von BestandskundInnen werden Folgetermine nur gegen eine Anzahlung i.d.H von 50% des Behandlungspreises vergeben. Diese Anzahlung wird als Ausfallpauschale einbehalten bei:<\/p>\n\n\n\n<ul class=\"wp-block-list\">\n<li>nicht rechtzeitiger Absage\u00a0\u2013 mindestens 24 Stunden vor dem Termin<\/li>\n\n\n\n<li>Nichterscheinen<\/li>\n\n\n\n<li>Versp\u00e4tung ab 15 Minuten<\/li>\n<\/ul>\n\n\n\n<p>Bei NeukundInnen wird eine Anzahlung i.d.H von 50% des Behandlungspreises erhoben. Diese Anzahlung wird als Ausfallpauschale einbehalten bei:<\/p>\n\n\n\n<ul class=\"wp-block-list\">\n<li>nicht rechtzeitiger Absage\u00a0\u2013 mindestens 24 Stunden vor dem Termin<\/li>\n\n\n\n<li>Nichterscheinen<\/li>\n\n\n\n<li>Versp\u00e4tung ab 15 Minuten<\/li>\n<\/ul>\n\n\n\n<p><strong>4. Preise und Zahlungsfrist<\/strong><br>Die Preise f\u00fcr (Dienst-)Leistungen sind im Studio ver\u00f6ffentlicht. Preiserh\u00f6hungen werden mindestens 30 Tage vor Inkrafttreten bekannt gegeben. Angebote sind nur in dem ver\u00f6ffentlichten Zeitraum g\u00fcltig und gelten nur solange der Vorrat reicht.&nbsp;KundInnen werden ersucht direkt im Anschluss an die Dienstleistung bzw. direkt beim Kauf f\u00fcr den Service, bzw. das Produkt bar und in Euro bezahlen. Kreditkarten oder Bankomatkarten k\u00f6nnen nicht akzeptiert werden. Kann der Betrag nicht sofort bar bezahlt werden, haben KundInnen Zeit, die offene Forderung binnen 7 Tagen per \u00dcberweisung zu begleichen. Dar\u00fcber hinaus wird ein Inkassounternehmen mit der offenen Forderung beauftragt.&nbsp;Alle angegebenen Preise sind aufgrund der Kleinunternehmerregelung Endpreise.<\/p>\n\n\n\n<p><strong>5. Fotos und Videos<br><\/strong>Die Rechte entstandener Foto- und\/oder Videoaufnahmen (mit m\u00fcndlicher Zustimmung der Kundschaft) liegen bei Nagelstudio Handwerk.<\/p>\n\n\n\n<p><strong>6. Pers\u00f6nliche Daten und Privatsph\u00e4re<\/strong>KundInnen versichern, alle pers\u00f6nlichen Daten und Informationen, die relevant f\u00fcr die professionelle Behandlung der geforderten Dienstleistung sind, an Nagelstudio Handwerk weiterzugeben. Diese Daten k\u00f6nnen auf einer Kundenkarteikarte in schriftlicher oder elektronischer Form gespeichert werden. Nagelstudio Handwerk verpflichtet sich, diese Daten nur f\u00fcr den Zweck der zu erbringenden Dienstleistung unter Ber\u00fccksichtigung der Datenschutzklauseln einzusetzen und die Daten nicht an dritte oder au\u00dfenstehende Personen weiterzugeben.<\/p>\n\n\n\n<p><strong>7. Vertraulichkeit<\/strong><br>Nagelstudio Handwerk ist verpflichtet, alle Informationen, die w\u00e4hrend der Behandlung oder dem Service besprochen wurden, geheim zu halten und vertraulich zu behandeln. Die Vertraulichkeit wird au\u00dfer Kraft gesetzt, wenn dies von Rechtswegen entschieden wird und Nagelstudio Handwerk von der Vertraulichkeitsklausel entbunden wird.<\/p>\n\n\n\n<p><strong>8. Schulungen und <\/strong><strong>Widerrufsrecht<\/strong><br>Verbraucher haben das Recht, binnen 14 Tagen ohne Angabe von Gr\u00fcnden eine Schulungsanmeldung zu widerrufen.&nbsp;Die Widerrufsfrist betr\u00e4gt 14 Tage ab dem Tag des Vertragsabschlusses. Um Ihr Widerrufsrecht auszu\u00fcben, m\u00fcssen Sie uns mittels einer eindeutigen Erkl\u00e4rung (z.&nbsp;B. ein mit der Post versandter Brief, Telefax oder E-Mail) \u00fcber Ihren Entschluss, diesen Vertrag zu widerrufen, informieren.<\/p>\n\n\n\n<p><strong>9. Haftung<\/strong><br>KundInnen verzichten auf jegliche Schadensersatz- und Regressanspr\u00fcche gegen\u00fcber Nagelstudio Handwerk und der Dienstleisterin und befreien diese von jeglicher Verantwortung hinsichtlich der (medizinischen) Folgen der Behandlung, resultierend aus den Umst\u00e4nden, die nicht bekannt gegeben wurden. Nagelstudio Handwerk kann keine Haftung \u00fcbernehmen, wenn KundInnen durch eine Dienstleistung zu Schaden kommt, die auf von&nbsp;KundInnen gelieferten Informationen beruhen und sich diese als unzureichend herausstellen. Dies bezieht sich vor allen Dingen, aber nicht ausschlie\u00dflich, auf physische Bedingungen, medizinische oder medikament\u00f6se Voraussetzungen oder Aktivit\u00e4ten au\u00dferhalb des Studios. Nagelstudio Handwerk ist nicht verantwortlich f\u00fcr den Verlust oder die Zerst\u00f6rung pers\u00f6nlicher Gegenst\u00e4nde der&nbsp;KundInnen die mit in das Studio gebracht wurden.<\/p>\n\n\n\n<p><strong>10. Besch\u00e4digung und Diebstahl<\/strong><br>Nagelstudio Handwerk hat das Recht f\u00fcr alle von&nbsp;KundInnen verursachten Sch\u00e4den eine Wiedergutmachung zu fordern. Ladendiebst\u00e4hle werden zur Anzeige gebracht.<\/p>\n\n\n\n<p><strong>11. Garantie<br><\/strong>Auf den von Nagelstudio Handwerk geleisteten Service erhalten KundInnen&nbsp;eine Garantie von 7 Tagen. Die Garantie bezieht sich auf Liftings und seitliche Einrisse. Diese Garantie verf\u00e4llt:<\/p>\n\n\n\n<ul class=\"wp-block-list\">\n<li>Wenn KundInnen die Modellage von Dritten behandeln oder auff\u00fcllen lassen oder selbst an dem urspr\u00fcnglichen Modellagezustand etwas ver\u00e4ndern.<\/li>\n\n\n\n<li>Wenn KundInnen ohne Gebrauch von Handschuhen mit Reinigungsmitteln oder Chemikalien in Ber\u00fchrung kommen.<\/li>\n\n\n\n<li>Wenn KundInnen die Modellage unsachgem\u00e4\u00df behandeln oder entfernen.<\/li>\n\n\n\n<li>Die Modellage aufgrund eines Unfalles besch\u00e4digt wird (St\u00fcrze, Einklemmen, usw.)<\/li>\n\n\n\n<li>Bei Nagelbei\u00dfern.<\/li>\n<\/ul>\n\n\n\n<p>Weil KundInnen die beste Beratung und Dienstleistung verdient haben, k\u00f6nnen unverh\u00e4ltnism\u00e4\u00dfige W\u00fcnsche nicht umgesetzt werden. Insbesondere betrifft das:<\/p>\n\n\n\n<ul class=\"wp-block-list\">\n<li>Die L\u00e4nge: Wenn die gew\u00e4hlte L\u00e4nge nicht zu den Lebensumst\u00e4nden passt.<\/li>\n\n\n\n<li>Einfeilen: Seitliches Einfeilen von Seiten- und Basislinien (&#8222;schmaler feilen&#8220;).<\/li>\n<\/ul>\n\n\n\n<p><strong>12. Beschwerden und Reklamationen<br><\/strong>Beschwerden oder Reklamationen \u00fcber den Service oder gekaufte Produkt m\u00fcssen sp\u00e4testens 3 Tage nach Erkennen des Reklamationsgrundes der Dienstleisterin gemeldet werden. Nagelstudio Handwerk muss innerhalb der darauf folgenden 5 Arbeitstage eine akzeptable L\u00f6sung unterbreiten, um die Reklamation auszur\u00e4umen. Ist eine Reklamation berechtigt, muss Nagelstudio Handwerk die reklamierte Arbeit ohne zus\u00e4tzliche Zahlung erneut leisten, bzw. das reklamierte Produkt ersetzen. Sollte die Reklamation nicht zur Zufriedenheit bereinigt werden, kann dies auch von einer Schiedsstelle oder Gericht entschieden werden.<\/p>\n\n\n\n<p><strong>13. Nail Art<br><\/strong>Mitgebrachte Nail Art Beispiele k\u00f6nnen an KundInnen nachgearbeitet bez\u00fcglich ihrer Farben und Wirkung von der Originalvorlage abweichen. Das Urheberrecht f\u00fcr das Design verbleibt bei Nagelstudio Handwerk. Sollten KundInnen vom erstellten Design Fotographien anfertigen lassen, die f\u00fcr kommerzielle Zwecke verwendet werden sollten, bedarf dies der schriftlichen Einverst\u00e4ndniserkl\u00e4rung durch das Nagelstudio Handwerk. Bei Unterlassen kann das Studio angemessene Anspr\u00fcche geltend machen.<\/p>\n\n\n\n<p><strong>14. Verhaltensweisen<br><\/strong>KundInnen verpflichten sich w\u00e4hrend des Besuchs im Studio eine angemessene Verhaltensweise an den Tag zu legen. Sollte sich&nbsp;KundInnen selbst nach einer Verwarnung weiterhin nicht angemessen verhalten, hat das Nagelstudio das Recht, KundInnen aus dem Studio zu verweisen und gegebenenfalls ein Hausverbot auszusprechen. Eine vorzeitige Beendigung der Dienstleistung bring keinen Kostenerlass mit sich.<\/p>\n\n\n\n<p><strong>15. Salvatorische Klausel<\/strong><br>Sollte eine Bestimmung dieser Vereinbarung ganz oder teilweise unwirksam sein oder ihre Rechtswirksamkeit sp\u00e4ter verlieren, so soll hierdurch die G\u00fcltigkeit der \u00fcbrigen Bestimmungen nicht ber\u00fchrt werden. An die Stelle der unwirksamen Bestimmungen tritt r\u00fcckwirkend eine inhaltlich m\u00f6glichst gleiche Regelung, die dem Zweck der gewollten Regelung am n\u00e4chsten kommt. Anstelle der unwirksamen Bestimmung gelten die gesetzlichen Vorschriften.<\/p>\n\n\n\n<p><strong>16. Gerichtsstand<\/strong><br>F\u00fcr die gerichtliche Kl\u00e4rung von Unstimmigkeiten ist der Gerichtsstand der Ort des Nagelstudios. Geltendes Recht ist nach Ortsans\u00e4ssigkeit zu bestimmen.<\/p>\n","protected":false},"excerpt":{"rendered":"<p>Allgemeine Gesch\u00e4ftsbedingungen (AGB) &#8211; Stand: 1. Dezember 2023 1. AllgemeinesDiese Bedingungen betreffen alle Transaktionen, Vertr\u00e4ge und Angebote, die zwischen Nagelstudio Handwerk (Anna Mazanek) und KundInnen zustande kommen. Ausnahmen von Transaktionen, die nicht unter die allgemeinen Gesch\u00e4ftsbedingungen fallen, bed\u00fcrfen der Mitteilung &hellip; <a href=\"https:\/\/nagelstudio-handwerk-gmunden.at\/?page_id=4506\">Weiterlesen <span class=\"meta-nav\">&rarr;<\/span><\/a><\/p>\n","protected":false},"author":1,"featured_media":0,"parent":492,"menu_order":1,"comment_status":"closed","ping_status":"closed","template":"","meta":{"footnotes":""},"class_list":["post-4506","page","type-page","status-publish","hentry"],"_links":{"self":[{"href":"https:\/\/nagelstudio-handwerk-gmunden.at\/index.php?rest_route=\/wp\/v2\/pages\/4506","targetHints":{"allow":["GET"]}}],"collection":[{"href":"https:\/\/nagelstudio-handwerk-gmunden.at\/index.php?rest_route=\/wp\/v2\/pages"}],"about":[{"href":"https:\/\/nagelstudio-handwerk-gmunden.at\/index.php?rest_route=\/wp\/v2\/types\/page"}],"author":[{"embeddable":true,"href":"https:\/\/nagelstudio-handwerk-gmunden.at\/index.php?rest_route=\/wp\/v2\/users\/1"}],"replies":[{"embeddable":true,"href":"https:\/\/nagelstudio-handwerk-gmunden.at\/index.php?rest_route=%2Fwp%2Fv2%2Fcomments&post=4506"}],"version-history":[{"count":1,"href":"https:\/\/nagelstudio-handwerk-gmunden.at\/index.php?rest_route=\/wp\/v2\/pages\/4506\/revisions"}],"predecessor-version":[{"id":4507,"href":"https:\/\/nagelstudio-handwerk-gmunden.at\/index.php?rest_route=\/wp\/v2\/pages\/4506\/revisions\/4507"}],"up":[{"embeddable":true,"href":"https:\/\/nagelstudio-handwerk-gmunden.at\/index.php?rest_route=\/wp\/v2\/pages\/492"}],"wp:attachment":[{"href":"https:\/\/nagelstudio-handwerk-gmunden.at\/index.php?rest_route=%2Fwp%2Fv2%2Fmedia&parent=4506"}],"curies":[{"name":"wp","href":"https:\/\/api.w.org\/{rel}","templated":true}]}}