{"id":4565,"date":"2024-06-07T06:23:21","date_gmt":"2024-06-07T06:23:21","guid":{"rendered":"https:\/\/nagelstudio-handwerk-gmunden.at\/?page_id=4565"},"modified":"2025-08-16T14:45:28","modified_gmt":"2025-08-16T14:45:28","slug":"bruechige-naegel","status":"publish","type":"page","link":"https:\/\/nagelstudio-handwerk-gmunden.at\/?page_id=4565","title":{"rendered":"Br\u00fcchige N\u00e4gel"},"content":{"rendered":"\n<div class=\"wp-block-media-text is-stacked-on-mobile\"><figure class=\"wp-block-media-text__media\"><img loading=\"lazy\" decoding=\"async\" width=\"1024\" height=\"1024\" src=\"https:\/\/nagelstudio-handwerk-gmunden.at\/wp-content\/uploads\/2024\/06\/IMG_8650-1024x1024.jpg\" alt=\"\" class=\"wp-image-4566 size-full\" srcset=\"https:\/\/nagelstudio-handwerk-gmunden.at\/wp-content\/uploads\/2024\/06\/IMG_8650-1024x1024.jpg 1024w, https:\/\/nagelstudio-handwerk-gmunden.at\/wp-content\/uploads\/2024\/06\/IMG_8650-300x300.jpg 300w, https:\/\/nagelstudio-handwerk-gmunden.at\/wp-content\/uploads\/2024\/06\/IMG_8650-150x150.jpg 150w, https:\/\/nagelstudio-handwerk-gmunden.at\/wp-content\/uploads\/2024\/06\/IMG_8650-768x768.jpg 768w, https:\/\/nagelstudio-handwerk-gmunden.at\/wp-content\/uploads\/2024\/06\/IMG_8650-1536x1536.jpg 1536w, https:\/\/nagelstudio-handwerk-gmunden.at\/wp-content\/uploads\/2024\/06\/IMG_8650.jpg 1798w\" sizes=\"auto, (max-width: 1024px) 100vw, 1024px\" \/><\/figure><div class=\"wp-block-media-text__content\">\n<p><mark style=\"background-color:rgba(0, 0, 0, 0)\" class=\"has-inline-color has-black-color\">Br\u00fcchige N\u00e4gel sind ein l\u00e4stiges Problem, doch es gibt verschiedene L\u00f6sungen um die Gesundheit der N\u00e4gel zu verbessern. Neben reichhaltiger Pflege, ausgewogener Ern\u00e4hrung und Nahrungserg\u00e4nzungsmittel, wirken Ver\u00e4nderungen in der Pflegeroutine Wunder.<\/mark> <a href=\"https:\/\/nagelstudio-handwerk-gmunden.at\/?page_id=4930\">IBX<\/a> <mark style=\"background-color:rgba(0, 0, 0, 0)\" class=\"has-inline-color has-black-color\">ist hier besonders wirksam.<\/mark><\/p>\n<\/div><\/div>\n\n\n\n<div class=\"wp-block-media-text is-stacked-on-mobile\"><figure class=\"wp-block-media-text__media\"><img loading=\"lazy\" decoding=\"async\" width=\"1024\" height=\"1024\" src=\"https:\/\/nagelstudio-handwerk-gmunden.at\/wp-content\/uploads\/2024\/06\/IMG_8664-1024x1024.jpg\" alt=\"\" class=\"wp-image-4567 size-full\" srcset=\"https:\/\/nagelstudio-handwerk-gmunden.at\/wp-content\/uploads\/2024\/06\/IMG_8664-1024x1024.jpg 1024w, https:\/\/nagelstudio-handwerk-gmunden.at\/wp-content\/uploads\/2024\/06\/IMG_8664-300x300.jpg 300w, https:\/\/nagelstudio-handwerk-gmunden.at\/wp-content\/uploads\/2024\/06\/IMG_8664-150x150.jpg 150w, https:\/\/nagelstudio-handwerk-gmunden.at\/wp-content\/uploads\/2024\/06\/IMG_8664-768x768.jpg 768w, https:\/\/nagelstudio-handwerk-gmunden.at\/wp-content\/uploads\/2024\/06\/IMG_8664-1536x1536.jpg 1536w, https:\/\/nagelstudio-handwerk-gmunden.at\/wp-content\/uploads\/2024\/06\/IMG_8664.jpg 1697w\" sizes=\"auto, (max-width: 1024px) 100vw, 1024px\" \/><\/figure><div class=\"wp-block-media-text__content\">\n<p><mark style=\"background-color:rgba(0, 0, 0, 0)\" class=\"has-inline-color has-black-color\">Eine sorgf\u00e4ltig abgestimmte Gelmanik\u00fcre kann eine wahre Wohltat f\u00fcr strapazierte N\u00e4gel sein, wenn die Behandlung speziell auf trockene und br\u00fcchige N\u00e4gel abgestimmt ist (z.B. Schadensbegrenzung). So wird die Manik\u00fcre nicht nur zu einem \u00e4sthetischen Vergn\u00fcgen, sondern kann helfen, das Risiko von Br\u00fcchigkeit zu reduzieren.<\/mark><\/p>\n<\/div><\/div>\n\n\n\n<p><\/p>\n\n\n\n<h2 class=\"wp-block-heading\"><mark style=\"background-color:rgba(0, 0, 0, 0)\" class=\"has-inline-color has-black-color\">Tipps f\u00fcr die Pflege zu Hause<\/mark><\/h2>\n\n\n\n<ul class=\"wp-block-list\">\n<li><mark style=\"background-color:rgba(0, 0, 0, 0)\" class=\"has-inline-color has-black-color\"><strong>Nagel\u00f6l und w\u00f6chentliches \u00d6lbad:<\/strong>\u00a0Verwenden Sie nat\u00fcrliche \u00d6le wie Oliven\u00f6l, Mandel\u00f6l oder Traubenkern\u00f6l, um die N\u00e4gel zu st\u00e4rken und mit Feuchtigkeit zu versorgen<a href=\"https:\/\/www.essie.de\/tips-and-trends\/tipps-gegen-bruechige-naegel\" target=\"_blank\" rel=\"noreferrer noopener\"><\/a><a href=\"https:\/\/www.sililevo.de\/nagelprobleme\/bruechige-naegel\/\" target=\"_blank\" rel=\"noreferrer noopener\"><\/a>.<\/mark><\/li>\n\n\n\n<li><mark style=\"background-color:rgba(0, 0, 0, 0)\" class=\"has-inline-color has-black-color\"><strong>Nahrungserg\u00e4nzungsmittel:<\/strong>\u00a0Produkte wie Kieselerde, Biotin, Zink und Omega-3-Fetts\u00e4uren k\u00f6nnen langfristig helfen, die N\u00e4gel von innen zu st\u00e4rken<a href=\"https:\/\/lynis-nailshop.de\/blogs\/nageldesign-blog\/bruechige-naegel-ursache-und-hilfe-bruechige-naegel-was-tun\" target=\"_blank\" rel=\"noreferrer noopener\"><\/a>.<\/mark><\/li>\n\n\n\n<li><mark style=\"background-color:rgba(0, 0, 0, 0)\" class=\"has-inline-color has-black-color\"><strong>Handschuhe beim Putzen:<\/strong>&nbsp;Sch\u00fctzen Sie Ihre N\u00e4gel vor sch\u00e4dlichen Chemikalien in Reinigungsmitteln, indem Sie Handschuhe tragen<a href=\"https:\/\/www.dm.at\/inspiration-und-beratung\/make-up\/naegel\/bruechige-naegel-1652274\" target=\"_blank\" rel=\"noreferrer noopener\"><\/a>.<\/mark><\/li>\n\n\n\n<li><mark style=\"background-color:rgba(0, 0, 0, 0)\" class=\"has-inline-color has-black-color\"><strong>Austrocknende Seifen vermeiden:<\/strong>&nbsp;Verwenden Sie milde Seifen, um die N\u00e4gel nicht zus\u00e4tzlich auszutrocknen<a href=\"https:\/\/healthroutine.de\/blogs\/news\/bruechige-fingernaegel\" target=\"_blank\" rel=\"noreferrer noopener\"><\/a>.<\/mark><\/li>\n<\/ul>\n","protected":false},"excerpt":{"rendered":"<p>Br\u00fcchige N\u00e4gel sind ein l\u00e4stiges Problem, doch es gibt verschiedene L\u00f6sungen um die Gesundheit der N\u00e4gel zu verbessern. Neben reichhaltiger Pflege, ausgewogener Ern\u00e4hrung und Nahrungserg\u00e4nzungsmittel, wirken Ver\u00e4nderungen in der Pflegeroutine Wunder. IBX ist hier besonders wirksam. Eine sorgf\u00e4ltig abgestimmte Gelmanik\u00fcre &hellip; <a href=\"https:\/\/nagelstudio-handwerk-gmunden.at\/?page_id=4565\">Weiterlesen <span class=\"meta-nav\">&rarr;<\/span><\/a><\/p>\n","protected":false},"author":1,"featured_media":0,"parent":4291,"menu_order":8,"comment_status":"closed","ping_status":"closed","template":"","meta":{"footnotes":""},"class_list":["post-4565","page","type-page","status-publish","hentry"],"_links":{"self":[{"href":"https:\/\/nagelstudio-handwerk-gmunden.at\/index.php?rest_route=\/wp\/v2\/pages\/4565","targetHints":{"allow":["GET"]}}],"collection":[{"href":"https:\/\/nagelstudio-handwerk-gmunden.at\/index.php?rest_route=\/wp\/v2\/pages"}],"about":[{"href":"https:\/\/nagelstudio-handwerk-gmunden.at\/index.php?rest_route=\/wp\/v2\/types\/page"}],"author":[{"embeddable":true,"href":"https:\/\/nagelstudio-handwerk-gmunden.at\/index.php?rest_route=\/wp\/v2\/users\/1"}],"replies":[{"embeddable":true,"href":"https:\/\/nagelstudio-handwerk-gmunden.at\/index.php?rest_route=%2Fwp%2Fv2%2Fcomments&post=4565"}],"version-history":[{"count":33,"href":"https:\/\/nagelstudio-handwerk-gmunden.at\/index.php?rest_route=\/wp\/v2\/pages\/4565\/revisions"}],"predecessor-version":[{"id":9505,"href":"https:\/\/nagelstudio-handwerk-gmunden.at\/index.php?rest_route=\/wp\/v2\/pages\/4565\/revisions\/9505"}],"up":[{"embeddable":true,"href":"https:\/\/nagelstudio-handwerk-gmunden.at\/index.php?rest_route=\/wp\/v2\/pages\/4291"}],"wp:attachment":[{"href":"https:\/\/nagelstudio-handwerk-gmunden.at\/index.php?rest_route=%2Fwp%2Fv2%2Fmedia&parent=4565"}],"curies":[{"name":"wp","href":"https:\/\/api.w.org\/{rel}","templated":true}]}}