{"id":4930,"date":"2024-08-05T09:50:32","date_gmt":"2024-08-05T09:50:32","guid":{"rendered":"https:\/\/nagelstudio-handwerk-gmunden.at\/?page_id=4930"},"modified":"2025-07-26T19:01:03","modified_gmt":"2025-07-26T19:01:03","slug":"ibx-treatment","status":"publish","type":"page","link":"https:\/\/nagelstudio-handwerk-gmunden.at\/?page_id=4930","title":{"rendered":"IBX Repair &amp; Strengthen"},"content":{"rendered":"\n<div class=\"wp-block-media-text is-stacked-on-mobile is-vertically-aligned-center\"><figure class=\"wp-block-media-text__media\"><img loading=\"lazy\" decoding=\"async\" width=\"563\" height=\"700\" src=\"https:\/\/nagelstudio-handwerk-gmunden.at\/wp-content\/uploads\/2024\/08\/12071152.jpg-e1736777205441.webp\" alt=\"\" class=\"wp-image-5304 size-full\" srcset=\"https:\/\/nagelstudio-handwerk-gmunden.at\/wp-content\/uploads\/2024\/08\/12071152.jpg-e1736777205441.webp 563w, https:\/\/nagelstudio-handwerk-gmunden.at\/wp-content\/uploads\/2024\/08\/12071152.jpg-e1736777205441-241x300.webp 241w\" sizes=\"auto, (max-width: 563px) 100vw, 563px\" \/><\/figure><div class=\"wp-block-media-text__content\">\n<p><strong>Das &#8222;Olaplex&#8220; f\u00fcr die N\u00e4gel<\/strong><\/p>\n\n\n\n<p>IBX bietet die L\u00f6sung f\u00fcr d\u00fcnne, eingerissene und besch\u00e4digte N\u00e4gel: Es ist das erste HEMA-freie System, das die N\u00e4gel von innen st\u00e4rkt und repariert. Es dringt tief in die Nagelplatte ein und bildet ein sch\u00fctzendes Polymernetzwerk, das die N\u00e4gel festigt und vor Sch\u00e4den sch\u00fctzt.<\/p>\n<\/div><\/div>\n\n\n\n<div class=\"wp-block-media-text is-stacked-on-mobile\"><figure class=\"wp-block-media-text__media\"><img loading=\"lazy\" decoding=\"async\" width=\"524\" height=\"600\" src=\"https:\/\/nagelstudio-handwerk-gmunden.at\/wp-content\/uploads\/2024\/08\/4020_4-e1736777121886.jpg\" alt=\"\" class=\"wp-image-5306 size-full\" srcset=\"https:\/\/nagelstudio-handwerk-gmunden.at\/wp-content\/uploads\/2024\/08\/4020_4-e1736777121886.jpg 524w, https:\/\/nagelstudio-handwerk-gmunden.at\/wp-content\/uploads\/2024\/08\/4020_4-e1736777121886-262x300.jpg 262w\" sizes=\"auto, (max-width: 524px) 100vw, 524px\" \/><\/figure><div class=\"wp-block-media-text__content\">\n<p>Im Gegensatz zu anderen Behandlungen, die nur oberfl\u00e4chlich wirken, wird IBX tief in die Nagelplatte eingeschleust und festigt den schwachen Nagel von innen. Es kann als Zusatz- oder eigenst\u00e4ndige Behandlung genutzt werden und ist am Naturnagel nicht sichtbar. <\/p>\n<\/div><\/div>\n\n\n\n<div style=\"height:30px\" aria-hidden=\"true\" class=\"wp-block-spacer\"><\/div>\n\n\n\n<h2 class=\"wp-block-heading\">Unsichtbare St\u00e4rke<\/h2>\n\n\n\n<p>IBX arbeitet diskret im Verborgenen. Nach der Anwendung ist auf der Nageloberfl\u00e4che keinerlei R\u00fcckstand oder Schicht zu sehen oder zu sp\u00fcren<a target=\"_blank\" rel=\"noreferrer noopener\" href=\"https:\/\/icgroup.dk\/de\/produktinformationen\/nails\/famous-names\/produkt-profile\/\"><\/a>.&nbsp;Stattdessen verschmilzt das Produkt mit den Keratinschichten des Nagels und bildet eine nahtlose Verbindung<a target=\"_blank\" rel=\"noreferrer noopener\" href=\"https:\/\/society-beauty.de\/IBX-system\"><\/a>.<\/p>\n\n\n\n<h2 class=\"wp-block-heading\">Tiefenwirksame H\u00e4rtung<\/h2>\n\n\n\n<p>Die einzigartige Formel von IBX dringt tief in die Nagelplatte ein und h\u00e4rtet dort aus. Dieser Prozess verst\u00e4rkt die nat\u00fcrliche Struktur des Nagels und verleiht ihm eine bemerkenswerte Festigkeit<a target=\"_blank\" rel=\"noreferrer noopener\" href=\"https:\/\/society-beauty.de\/IBX-system\"><\/a><a target=\"_blank\" rel=\"noreferrer noopener\" href=\"https:\/\/nagelstudio-handwerk-gmunden.at\/?page_id=4930\"><\/a>.&nbsp;Die Behandlung wirkt wie ein unsichtbares Schutzschild, das den Nagel von innen st\u00e4rkt und vor \u00e4u\u00dferen Einfl\u00fcssen sch\u00fctzt.<\/p>\n\n\n\n<h2 class=\"wp-block-heading\">Langanhaltende Pflege<\/h2>\n\n\n\n<p>Im Gegensatz zu herk\u00f6mmlichen Nagelh\u00e4rtern, die nur oberfl\u00e4chlich wirken, bietet IBX eine nachhaltige L\u00f6sung. Die Behandlung w\u00e4chst mit dem Nagel mit und muss nicht entfernt werden<a href=\"https:\/\/icgroup.dk\/de\/produktinformationen\/nails\/famous-names\/produkt-profile\/\" target=\"_blank\" rel=\"noreferrer noopener\"><\/a>.&nbsp;So profitieren Sie von einer kontinuierlichen St\u00e4rkung und Pflege, die Ihre N\u00e4gel ges\u00fcnder und widerstandsf\u00e4higer macht. Durch die Anwendung von IBX erhalten Sie kr\u00e4ftige, belastbare N\u00e4gel, ohne auf den nat\u00fcrlichen Look verzichten zu m\u00fcssen. Es ist die perfekte Wahl f\u00fcr alle, die sich starke, gesunde N\u00e4gel w\u00fcnschen, ohne dabei auf sichtbare Beschichtungen zur\u00fcckgreifen zu m\u00fcssen.<\/p>\n\n\n\n<div style=\"height:39px\" aria-hidden=\"true\" class=\"wp-block-spacer\"><\/div>\n","protected":false},"excerpt":{"rendered":"<p>Das &#8222;Olaplex&#8220; f\u00fcr die N\u00e4gel IBX bietet die L\u00f6sung f\u00fcr d\u00fcnne, eingerissene und besch\u00e4digte N\u00e4gel: Es ist das erste HEMA-freie System, das die N\u00e4gel von innen st\u00e4rkt und repariert. Es dringt tief in die Nagelplatte ein und bildet ein sch\u00fctzendes &hellip; <a href=\"https:\/\/nagelstudio-handwerk-gmunden.at\/?page_id=4930\">Weiterlesen <span class=\"meta-nav\">&rarr;<\/span><\/a><\/p>\n","protected":false},"author":1,"featured_media":0,"parent":4291,"menu_order":1,"comment_status":"closed","ping_status":"closed","template":"","meta":{"footnotes":""},"class_list":["post-4930","page","type-page","status-publish","hentry"],"_links":{"self":[{"href":"https:\/\/nagelstudio-handwerk-gmunden.at\/index.php?rest_route=\/wp\/v2\/pages\/4930","targetHints":{"allow":["GET"]}}],"collection":[{"href":"https:\/\/nagelstudio-handwerk-gmunden.at\/index.php?rest_route=\/wp\/v2\/pages"}],"about":[{"href":"https:\/\/nagelstudio-handwerk-gmunden.at\/index.php?rest_route=\/wp\/v2\/types\/page"}],"author":[{"embeddable":true,"href":"https:\/\/nagelstudio-handwerk-gmunden.at\/index.php?rest_route=\/wp\/v2\/users\/1"}],"replies":[{"embeddable":true,"href":"https:\/\/nagelstudio-handwerk-gmunden.at\/index.php?rest_route=%2Fwp%2Fv2%2Fcomments&post=4930"}],"version-history":[{"count":25,"href":"https:\/\/nagelstudio-handwerk-gmunden.at\/index.php?rest_route=\/wp\/v2\/pages\/4930\/revisions"}],"predecessor-version":[{"id":9235,"href":"https:\/\/nagelstudio-handwerk-gmunden.at\/index.php?rest_route=\/wp\/v2\/pages\/4930\/revisions\/9235"}],"up":[{"embeddable":true,"href":"https:\/\/nagelstudio-handwerk-gmunden.at\/index.php?rest_route=\/wp\/v2\/pages\/4291"}],"wp:attachment":[{"href":"https:\/\/nagelstudio-handwerk-gmunden.at\/index.php?rest_route=%2Fwp%2Fv2%2Fmedia&parent=4930"}],"curies":[{"name":"wp","href":"https:\/\/api.w.org\/{rel}","templated":true}]}}