{"id":494,"date":"2015-11-20T00:00:24","date_gmt":"2015-11-20T00:00:24","guid":{"rendered":"http:\/\/nagelstudio-handwerk-gmunden.at\/?page_id=494"},"modified":"2025-08-11T14:38:05","modified_gmt":"2025-08-11T14:38:05","slug":"nagelbeisser","status":"publish","type":"page","link":"https:\/\/nagelstudio-handwerk-gmunden.at\/?page_id=494","title":{"rendered":"Nagelbei\u00dfer"},"content":{"rendered":"\n<p><mark style=\"background-color:rgba(0, 0, 0, 0)\" class=\"has-inline-color has-black-color\">Die Nagelhaut von Nagelbei\u00dfern ist in einem permanenten Regenerationsprozess. Durch die Verletzungen der Finger ist die Haut gezwungen, sich &#8211; zum Schutz der Nagelplatte &#8211; \u00fcberm\u00e4\u00dfig zu bilden. Der Zyklus der Zellteilung ist gest\u00f6rt und die Fingerkuppen k\u00f6nnen sich mit der Zeit deformieren. Es dauert einige Zeit, um wieder ein ebenm\u00e4\u00dfiges und sch\u00f6nes Hautbild zu bekommen. Zu Hause sollten regelm\u00e4\u00dfig<\/mark><\/p>\n\n\n\n<ul class=\"wp-block-list\">\n<li><mark style=\"background-color:rgba(0, 0, 0, 0)\" class=\"has-inline-color has-blue-color\">Nagelhautentferner<\/mark><\/li>\n\n\n\n<li><mark style=\"background-color:rgba(0, 0, 0, 0)\" class=\"has-inline-color has-blue-color\">Nagel\u00f6l<\/mark><\/li>\n\n\n\n<li><mark style=\"background-color:rgba(0, 0, 0, 0)\" class=\"has-inline-color has-blue-color\">Handcreme<\/mark><\/li>\n\n\n\n<li><mark style=\"background-color:rgba(0, 0, 0, 0)\" class=\"has-inline-color has-blue-color\">Rosenholzst\u00e4bchen<\/mark><\/li>\n<\/ul>\n\n\n\n<p><mark style=\"background-color:rgba(0, 0, 0, 0)\" class=\"has-inline-color has-black-color\">verwendet werden. Das h\u00e4lt die Haut geschmeidig und kann bei der weiteren Behandlung eine gro\u00dfe Hilfe sein. Im Anschluss an die Manik\u00fcre wird der Nagel rekonstruiert. Die Nagelrekonstruktion sch\u00fctzt den Finger und die Nagelplatte, die ungest\u00f6rt nachwachsen kann, und schr\u00e4nkt nach und nach das Bei\u00dfen ein. Ich bin selbst Nagelbei\u00dferin und kann so meine Kundinnen mit viel Feingef\u00fchl und Know-how betreuen. Mein Fokus liegt bei Nagelbei\u00dfern auf Gesundheit, Regeneration und Wiederherstellung des Nagels und auf Heilung der Haut. Nicht auf Farbe, Verl\u00e4ngerung oder Design.<\/mark><\/p>\n\n\n\n<p><\/p>\n\n\n\n<div class=\"wp-block-media-text is-stacked-on-mobile\"><figure class=\"wp-block-media-text__media\"><img loading=\"lazy\" decoding=\"async\" width=\"541\" height=\"449\" src=\"https:\/\/nagelstudio-handwerk-gmunden.at\/wp-content\/uploads\/2015\/11\/1.-Vorher-e1478289308138.jpg\" alt=\"\" class=\"wp-image-498 size-full\" srcset=\"https:\/\/nagelstudio-handwerk-gmunden.at\/wp-content\/uploads\/2015\/11\/1.-Vorher-e1478289308138.jpg 541w, https:\/\/nagelstudio-handwerk-gmunden.at\/wp-content\/uploads\/2015\/11\/1.-Vorher-e1478289308138-300x249.jpg 300w, https:\/\/nagelstudio-handwerk-gmunden.at\/wp-content\/uploads\/2015\/11\/1.-Vorher-e1478289308138-361x300.jpg 361w\" sizes=\"auto, (max-width: 541px) 100vw, 541px\" \/><\/figure><div class=\"wp-block-media-text__content\">\n<p><mark style=\"background-color:rgba(0, 0, 0, 0)\" class=\"has-inline-color has-black-color\">Dieses Bild verdeutlicht, wie komplex die <strong>Ausgangssituation<\/strong> manchmal sein kann: Stark besch\u00e4digte N\u00e4gel, verhornte Haut und deformierte Fingerkuppen. Mit diesem Foto wandte sich eine Neukundin an mich, um zu erfahren ob hier etwas &#8222;machbar&#8220; ist.<\/mark><\/p>\n<\/div><\/div>\n\n\n\n<p><\/p>\n\n\n\n<div class=\"wp-block-media-text is-stacked-on-mobile\"><figure class=\"wp-block-media-text__media\"><img loading=\"lazy\" decoding=\"async\" width=\"700\" height=\"720\" src=\"https:\/\/nagelstudio-handwerk-gmunden.at\/wp-content\/uploads\/2015\/11\/4.-nach-8-Wochen-e1478289716765.jpg\" alt=\"\" class=\"wp-image-501 size-full\" srcset=\"https:\/\/nagelstudio-handwerk-gmunden.at\/wp-content\/uploads\/2015\/11\/4.-nach-8-Wochen-e1478289716765.jpg 700w, https:\/\/nagelstudio-handwerk-gmunden.at\/wp-content\/uploads\/2015\/11\/4.-nach-8-Wochen-e1478289716765-292x300.jpg 292w\" sizes=\"auto, (max-width: 700px) 100vw, 700px\" \/><\/figure><div class=\"wp-block-media-text__content\">\n<p><mark style=\"background-color:rgba(0, 0, 0, 0)\" class=\"has-inline-color has-black-color\">Bereits <strong>nach 4 Terminen<\/strong> (8 Wochen) hat sich das Erscheinungsbild deutlich verbessert. Offene Wunden und Entz\u00fcndungen sind zur\u00fcckgegangen.\u00a0Sobald die Naturn\u00e4gel die Fingerkuppen erreicht haben, stelle ich mit Spangen die ausgef\u00e4cherten Seitenlinien wieder her, damit die Seitenlinien des Naturnagels parallel werden.<\/mark><\/p>\n<\/div><\/div>\n\n\n\n<p><\/p>\n\n\n\n<div class=\"wp-block-media-text is-stacked-on-mobile\"><figure class=\"wp-block-media-text__media\"><img loading=\"lazy\" decoding=\"async\" width=\"806\" height=\"816\" src=\"https:\/\/nagelstudio-handwerk-gmunden.at\/wp-content\/uploads\/2015\/11\/5.-nach-f\u00fcnf-Monaten-e1478289778550.png\" alt=\"\" class=\"wp-image-502 size-full\" srcset=\"https:\/\/nagelstudio-handwerk-gmunden.at\/wp-content\/uploads\/2015\/11\/5.-nach-f\u00fcnf-Monaten-e1478289778550.png 806w, https:\/\/nagelstudio-handwerk-gmunden.at\/wp-content\/uploads\/2015\/11\/5.-nach-f\u00fcnf-Monaten-e1478289778550-296x300.png 296w, https:\/\/nagelstudio-handwerk-gmunden.at\/wp-content\/uploads\/2015\/11\/5.-nach-f\u00fcnf-Monaten-e1478289778550-768x778.png 768w\" sizes=\"auto, (max-width: 806px) 100vw, 806px\" \/><\/figure><div class=\"wp-block-media-text__content\">\n<p><mark style=\"background-color:rgba(0, 0, 0, 0)\" class=\"has-inline-color has-black-color\"><strong>Nach 6 Monaten<\/strong> haben diese N\u00e4gel ihre nat\u00fcrliche, schlanke Form wieder. Die Nagelbetten sind l\u00e4nger und der Allgemeinzustand wirkt gesund und geplegt. Die Gelmodellage kann je nach Wunsch weitergetragen oder auch entfernt werden.<\/mark><\/p>\n<\/div><\/div>\n\n\n\n<p><\/p>\n","protected":false},"excerpt":{"rendered":"<p>Die Nagelhaut von Nagelbei\u00dfern ist in einem permanenten Regenerationsprozess. Durch die Verletzungen der Finger ist die Haut gezwungen, sich &#8211; zum Schutz der Nagelplatte &#8211; \u00fcberm\u00e4\u00dfig zu bilden. Der Zyklus der Zellteilung ist gest\u00f6rt und die Fingerkuppen k\u00f6nnen sich mit &hellip; <a href=\"https:\/\/nagelstudio-handwerk-gmunden.at\/?page_id=494\">Weiterlesen <span class=\"meta-nav\">&rarr;<\/span><\/a><\/p>\n","protected":false},"author":1,"featured_media":0,"parent":4291,"menu_order":9,"comment_status":"closed","ping_status":"closed","template":"","meta":{"footnotes":""},"class_list":["post-494","page","type-page","status-publish","hentry"],"_links":{"self":[{"href":"https:\/\/nagelstudio-handwerk-gmunden.at\/index.php?rest_route=\/wp\/v2\/pages\/494","targetHints":{"allow":["GET"]}}],"collection":[{"href":"https:\/\/nagelstudio-handwerk-gmunden.at\/index.php?rest_route=\/wp\/v2\/pages"}],"about":[{"href":"https:\/\/nagelstudio-handwerk-gmunden.at\/index.php?rest_route=\/wp\/v2\/types\/page"}],"author":[{"embeddable":true,"href":"https:\/\/nagelstudio-handwerk-gmunden.at\/index.php?rest_route=\/wp\/v2\/users\/1"}],"replies":[{"embeddable":true,"href":"https:\/\/nagelstudio-handwerk-gmunden.at\/index.php?rest_route=%2Fwp%2Fv2%2Fcomments&post=494"}],"version-history":[{"count":60,"href":"https:\/\/nagelstudio-handwerk-gmunden.at\/index.php?rest_route=\/wp\/v2\/pages\/494\/revisions"}],"predecessor-version":[{"id":9417,"href":"https:\/\/nagelstudio-handwerk-gmunden.at\/index.php?rest_route=\/wp\/v2\/pages\/494\/revisions\/9417"}],"up":[{"embeddable":true,"href":"https:\/\/nagelstudio-handwerk-gmunden.at\/index.php?rest_route=\/wp\/v2\/pages\/4291"}],"wp:attachment":[{"href":"https:\/\/nagelstudio-handwerk-gmunden.at\/index.php?rest_route=%2Fwp%2Fv2%2Fmedia&parent=494"}],"curies":[{"name":"wp","href":"https:\/\/api.w.org\/{rel}","templated":true}]}}