{"id":5268,"date":"2024-08-19T13:58:37","date_gmt":"2024-08-19T13:58:37","guid":{"rendered":"https:\/\/nagelstudio-handwerk-gmunden.at\/?page_id=5268"},"modified":"2025-01-13T14:07:52","modified_gmt":"2025-01-13T14:07:52","slug":"arkadas-serum-tc16","status":"publish","type":"page","link":"https:\/\/nagelstudio-handwerk-gmunden.at\/?page_id=5268","title":{"rendered":"Arkada\u00b4s Serum TC16"},"content":{"rendered":"\n<div class=\"wp-block-group is-nowrap is-layout-flex wp-container-core-group-is-layout-d653275e wp-block-group-is-layout-flex\">\n<div class=\"wp-block-columns is-layout-flex wp-container-core-columns-is-layout-9d6595d7 wp-block-columns-is-layout-flex\">\n<div class=\"wp-block-column is-layout-flow wp-block-column-is-layout-flow\" style=\"flex-basis:100%\">\n<div class=\"wp-block-group\"><div class=\"wp-block-group__inner-container is-layout-constrained wp-block-group-is-layout-constrained\">\n<div class=\"wp-block-media-text is-stacked-on-mobile is-vertically-aligned-center\"><figure class=\"wp-block-media-text__media\"><img loading=\"lazy\" decoding=\"async\" width=\"768\" height=\"1024\" src=\"https:\/\/nagelstudio-handwerk-gmunden.at\/wp-content\/uploads\/2024\/08\/1777-768x1024.webp\" alt=\"\" class=\"wp-image-5299 size-full\" srcset=\"https:\/\/nagelstudio-handwerk-gmunden.at\/wp-content\/uploads\/2024\/08\/1777-768x1024.webp 768w, https:\/\/nagelstudio-handwerk-gmunden.at\/wp-content\/uploads\/2024\/08\/1777-225x300.webp 225w, https:\/\/nagelstudio-handwerk-gmunden.at\/wp-content\/uploads\/2024\/08\/1777.webp 900w\" sizes=\"auto, (max-width: 768px) 100vw, 768px\" \/><\/figure><div class=\"wp-block-media-text__content\">\n<p>Arkada\u00b4s Serum TC16 zeichnet sich durch einen hohen Gehalt an Kollagen und Teebaum\u00f6l aus. Es f\u00f6rdert Regenerationsprozesse des Nagels und der Haut. Das Serum macht Narben geschmeidig, f\u00f6rdert und beschleunigt die Heilung von Wunden und Verbrennungen, beruhigt Akne und gl\u00e4ttet Falten.<\/p>\n<\/div><\/div>\n<\/div><\/div>\n<\/div>\n<\/div>\n<\/div>\n\n\n\n<p>Es wirkt entz\u00fcndungshemmend sowie antiseptisch, wodurch es sekund\u00e4ren Pilz- und Virusinfektionen vorbeugen kann und hilft, Schwellungen zu reduzieren. Auch bei gesunden N\u00e4geln zeigt es bemerkenswerte Ergebnisse, da es die Flexibilit\u00e4t der Nagelplatte und das \u00e4sthetische Erscheinungsbild von H\u00e4nden und F\u00fc\u00dfen verbessert.<\/p>\n","protected":false},"excerpt":{"rendered":"<p>Arkada\u00b4s Serum TC16 zeichnet sich durch einen hohen Gehalt an Kollagen und Teebaum\u00f6l aus. Es f\u00f6rdert Regenerationsprozesse des Nagels und der Haut. Das Serum macht Narben geschmeidig, f\u00f6rdert und beschleunigt die Heilung von Wunden und Verbrennungen, beruhigt Akne und gl\u00e4ttet &hellip; <a href=\"https:\/\/nagelstudio-handwerk-gmunden.at\/?page_id=5268\">Weiterlesen <span class=\"meta-nav\">&rarr;<\/span><\/a><\/p>\n","protected":false},"author":1,"featured_media":0,"parent":4291,"menu_order":2,"comment_status":"closed","ping_status":"closed","template":"","meta":{"footnotes":""},"class_list":["post-5268","page","type-page","status-publish","hentry"],"_links":{"self":[{"href":"https:\/\/nagelstudio-handwerk-gmunden.at\/index.php?rest_route=\/wp\/v2\/pages\/5268","targetHints":{"allow":["GET"]}}],"collection":[{"href":"https:\/\/nagelstudio-handwerk-gmunden.at\/index.php?rest_route=\/wp\/v2\/pages"}],"about":[{"href":"https:\/\/nagelstudio-handwerk-gmunden.at\/index.php?rest_route=\/wp\/v2\/types\/page"}],"author":[{"embeddable":true,"href":"https:\/\/nagelstudio-handwerk-gmunden.at\/index.php?rest_route=\/wp\/v2\/users\/1"}],"replies":[{"embeddable":true,"href":"https:\/\/nagelstudio-handwerk-gmunden.at\/index.php?rest_route=%2Fwp%2Fv2%2Fcomments&post=5268"}],"version-history":[{"count":9,"href":"https:\/\/nagelstudio-handwerk-gmunden.at\/index.php?rest_route=\/wp\/v2\/pages\/5268\/revisions"}],"predecessor-version":[{"id":7092,"href":"https:\/\/nagelstudio-handwerk-gmunden.at\/index.php?rest_route=\/wp\/v2\/pages\/5268\/revisions\/7092"}],"up":[{"embeddable":true,"href":"https:\/\/nagelstudio-handwerk-gmunden.at\/index.php?rest_route=\/wp\/v2\/pages\/4291"}],"wp:attachment":[{"href":"https:\/\/nagelstudio-handwerk-gmunden.at\/index.php?rest_route=%2Fwp%2Fv2%2Fmedia&parent=5268"}],"curies":[{"name":"wp","href":"https:\/\/api.w.org\/{rel}","templated":true}]}}