{"id":9353,"date":"2025-08-08T23:28:07","date_gmt":"2025-08-08T23:28:07","guid":{"rendered":"https:\/\/nagelstudio-handwerk-gmunden.at\/?page_id=9353"},"modified":"2026-04-21T19:49:31","modified_gmt":"2026-04-21T19:49:31","slug":"nageltransformation","status":"publish","type":"page","link":"https:\/\/nagelstudio-handwerk-gmunden.at\/?page_id=9353","title":{"rendered":"Nageltransformation"},"content":{"rendered":"\n<p><mark style=\"background-color:rgba(0, 0, 0, 0)\" class=\"has-inline-color has-black-color\">Die Nageltransformation (Umgestaltung der Nagelform) ist ein pr\u00e4ziser, handwerklicher Prozess. Ausgangspunkt sind h\u00e4ufig breite, trapezf\u00f6rmige N\u00e4gel mit einem kurzen Nagelbett. Die Modellage fokussiert darauf, die Seitenlinien parallel zu formen und das Nagelbett zu verl\u00e4ngern. Das Ergebnis zeigt die Wirksamkeit fachgerechter Techniken \u2013 ein harmonischeres Gesamtbild, das die Fingern\u00e4gel femininer wirken l\u00e4sst. Die Transformation demonstriert, wie gezielte Formgebung nicht nur das Erscheinungsbild der N\u00e4gel, sondern auch den Gesamteindruck der H\u00e4nde ma\u00dfgeblich beeinflussen kann.<\/mark><\/p>\n\n\n\n<div style=\"height:25px\" aria-hidden=\"true\" class=\"wp-block-spacer\"><\/div>\n\n\n\n<div class=\"wp-block-media-text is-stacked-on-mobile\"><figure class=\"wp-block-media-text__media\"><img loading=\"lazy\" decoding=\"async\" width=\"768\" height=\"1024\" src=\"https:\/\/nagelstudio-handwerk-gmunden.at\/wp-content\/uploads\/2025\/08\/FullSizeRender-184-1-768x1024.jpg\" alt=\"\" class=\"wp-image-9355 size-full\" srcset=\"https:\/\/nagelstudio-handwerk-gmunden.at\/wp-content\/uploads\/2025\/08\/FullSizeRender-184-1-768x1024.jpg 768w, https:\/\/nagelstudio-handwerk-gmunden.at\/wp-content\/uploads\/2025\/08\/FullSizeRender-184-1-225x300.jpg 225w, https:\/\/nagelstudio-handwerk-gmunden.at\/wp-content\/uploads\/2025\/08\/FullSizeRender-184-1.jpg 961w\" sizes=\"auto, (max-width: 768px) 100vw, 768px\" \/><\/figure><div class=\"wp-block-media-text__content\">\n<p><mark style=\"background-color:rgba(0, 0, 0, 0)\" class=\"has-inline-color has-black-color\">Diese Kundin wandte sich im Januar mit anspruchsvollen Naturn\u00e4geln an mich \u2013 unter anderem mit trapezf\u00f6rmiger Form und einer besch\u00e4digten Seitenlinie am Zeigefinger. Nach wenigen Monaten fachkundiger Betreuung konnte sie im August ein deutlich verbessertes Ergebnis genie\u00dfen. Diese Ver\u00e4nderung spricht f\u00fcr sich.<\/mark><\/p>\n<\/div><\/div>\n\n\n\n<div style=\"height:25px\" aria-hidden=\"true\" class=\"wp-block-spacer\"><\/div>\n\n\n\n<figure class=\"wp-block-gallery has-nested-images columns-default is-cropped wp-block-gallery-1 is-layout-flex wp-block-gallery-is-layout-flex\">\n<figure class=\"wp-block-image size-large\"><a href=\"https:\/\/nagelstudio-handwerk-gmunden.at\/wp-content\/uploads\/2025\/08\/AD74D6E5-BE0A-48FE-BF26-9DCA2F3CA4B8.jpg\"><img loading=\"lazy\" decoding=\"async\" width=\"1024\" height=\"1024\" data-id=\"9311\" src=\"https:\/\/nagelstudio-handwerk-gmunden.at\/wp-content\/uploads\/2025\/08\/AD74D6E5-BE0A-48FE-BF26-9DCA2F3CA4B8-1024x1024.jpg\" alt=\"\" class=\"wp-image-9311\" srcset=\"https:\/\/nagelstudio-handwerk-gmunden.at\/wp-content\/uploads\/2025\/08\/AD74D6E5-BE0A-48FE-BF26-9DCA2F3CA4B8-1024x1024.jpg 1024w, https:\/\/nagelstudio-handwerk-gmunden.at\/wp-content\/uploads\/2025\/08\/AD74D6E5-BE0A-48FE-BF26-9DCA2F3CA4B8-300x300.jpg 300w, https:\/\/nagelstudio-handwerk-gmunden.at\/wp-content\/uploads\/2025\/08\/AD74D6E5-BE0A-48FE-BF26-9DCA2F3CA4B8-150x150.jpg 150w, https:\/\/nagelstudio-handwerk-gmunden.at\/wp-content\/uploads\/2025\/08\/AD74D6E5-BE0A-48FE-BF26-9DCA2F3CA4B8-768x768.jpg 768w, https:\/\/nagelstudio-handwerk-gmunden.at\/wp-content\/uploads\/2025\/08\/AD74D6E5-BE0A-48FE-BF26-9DCA2F3CA4B8-1536x1536.jpg 1536w, https:\/\/nagelstudio-handwerk-gmunden.at\/wp-content\/uploads\/2025\/08\/AD74D6E5-BE0A-48FE-BF26-9DCA2F3CA4B8.jpg 2000w\" sizes=\"auto, (max-width: 1024px) 100vw, 1024px\" \/><\/a><\/figure>\n\n\n\n<figure class=\"wp-block-image size-large\"><a href=\"https:\/\/nagelstudio-handwerk-gmunden.at\/wp-content\/uploads\/2025\/08\/Snapseed-13.jpg\"><img loading=\"lazy\" decoding=\"async\" width=\"1024\" height=\"1024\" data-id=\"9308\" src=\"https:\/\/nagelstudio-handwerk-gmunden.at\/wp-content\/uploads\/2025\/08\/Snapseed-13-1024x1024.jpg\" alt=\"\" class=\"wp-image-9308\" srcset=\"https:\/\/nagelstudio-handwerk-gmunden.at\/wp-content\/uploads\/2025\/08\/Snapseed-13-1024x1024.jpg 1024w, https:\/\/nagelstudio-handwerk-gmunden.at\/wp-content\/uploads\/2025\/08\/Snapseed-13-300x300.jpg 300w, https:\/\/nagelstudio-handwerk-gmunden.at\/wp-content\/uploads\/2025\/08\/Snapseed-13-150x150.jpg 150w, https:\/\/nagelstudio-handwerk-gmunden.at\/wp-content\/uploads\/2025\/08\/Snapseed-13-768x768.jpg 768w, https:\/\/nagelstudio-handwerk-gmunden.at\/wp-content\/uploads\/2025\/08\/Snapseed-13-1536x1536.jpg 1536w, https:\/\/nagelstudio-handwerk-gmunden.at\/wp-content\/uploads\/2025\/08\/Snapseed-13.jpg 2000w\" sizes=\"auto, (max-width: 1024px) 100vw, 1024px\" \/><\/a><\/figure>\n\n\n\n<figure class=\"wp-block-image size-large\"><a href=\"https:\/\/nagelstudio-handwerk-gmunden.at\/wp-content\/uploads\/2025\/08\/IMG_1045.jpg\"><img loading=\"lazy\" decoding=\"async\" width=\"1024\" height=\"1024\" data-id=\"9564\" src=\"https:\/\/nagelstudio-handwerk-gmunden.at\/wp-content\/uploads\/2025\/08\/IMG_1045-1024x1024.jpg\" alt=\"\" class=\"wp-image-9564\" srcset=\"https:\/\/nagelstudio-handwerk-gmunden.at\/wp-content\/uploads\/2025\/08\/IMG_1045-1024x1024.jpg 1024w, https:\/\/nagelstudio-handwerk-gmunden.at\/wp-content\/uploads\/2025\/08\/IMG_1045-300x300.jpg 300w, https:\/\/nagelstudio-handwerk-gmunden.at\/wp-content\/uploads\/2025\/08\/IMG_1045-150x150.jpg 150w, https:\/\/nagelstudio-handwerk-gmunden.at\/wp-content\/uploads\/2025\/08\/IMG_1045-768x768.jpg 768w, https:\/\/nagelstudio-handwerk-gmunden.at\/wp-content\/uploads\/2025\/08\/IMG_1045-1536x1536.jpg 1536w, https:\/\/nagelstudio-handwerk-gmunden.at\/wp-content\/uploads\/2025\/08\/IMG_1045.jpg 2000w\" sizes=\"auto, (max-width: 1024px) 100vw, 1024px\" \/><\/a><\/figure>\n<\/figure>\n\n\n\n<p><\/p>\n","protected":false},"excerpt":{"rendered":"<p>Die Nageltransformation (Umgestaltung der Nagelform) ist ein pr\u00e4ziser, handwerklicher Prozess. Ausgangspunkt sind h\u00e4ufig breite, trapezf\u00f6rmige N\u00e4gel mit einem kurzen Nagelbett. Die Modellage fokussiert darauf, die Seitenlinien parallel zu formen und das Nagelbett zu verl\u00e4ngern. Das Ergebnis zeigt die Wirksamkeit fachgerechter &hellip; <a href=\"https:\/\/nagelstudio-handwerk-gmunden.at\/?page_id=9353\">Weiterlesen <span class=\"meta-nav\">&rarr;<\/span><\/a><\/p>\n","protected":false},"author":1,"featured_media":0,"parent":0,"menu_order":51,"comment_status":"closed","ping_status":"closed","template":"","meta":{"footnotes":""},"class_list":["post-9353","page","type-page","status-publish","hentry"],"_links":{"self":[{"href":"https:\/\/nagelstudio-handwerk-gmunden.at\/index.php?rest_route=\/wp\/v2\/pages\/9353","targetHints":{"allow":["GET"]}}],"collection":[{"href":"https:\/\/nagelstudio-handwerk-gmunden.at\/index.php?rest_route=\/wp\/v2\/pages"}],"about":[{"href":"https:\/\/nagelstudio-handwerk-gmunden.at\/index.php?rest_route=\/wp\/v2\/types\/page"}],"author":[{"embeddable":true,"href":"https:\/\/nagelstudio-handwerk-gmunden.at\/index.php?rest_route=\/wp\/v2\/users\/1"}],"replies":[{"embeddable":true,"href":"https:\/\/nagelstudio-handwerk-gmunden.at\/index.php?rest_route=%2Fwp%2Fv2%2Fcomments&post=9353"}],"version-history":[{"count":9,"href":"https:\/\/nagelstudio-handwerk-gmunden.at\/index.php?rest_route=\/wp\/v2\/pages\/9353\/revisions"}],"predecessor-version":[{"id":9764,"href":"https:\/\/nagelstudio-handwerk-gmunden.at\/index.php?rest_route=\/wp\/v2\/pages\/9353\/revisions\/9764"}],"wp:attachment":[{"href":"https:\/\/nagelstudio-handwerk-gmunden.at\/index.php?rest_route=%2Fwp%2Fv2%2Fmedia&parent=9353"}],"curies":[{"name":"wp","href":"https:\/\/api.w.org\/{rel}","templated":true}]}}